{"id":971,"date":"2013-02-22T20:41:34","date_gmt":"2013-02-22T18:41:34","guid":{"rendered":"http:\/\/salonslalom.wordpress.com\/?page_id=971"},"modified":"2018-09-08T16:18:21","modified_gmt":"2018-09-08T16:18:21","slug":"wenn-das-die-losung-ist-hatte-ich-gern-das-problem-zuruck-2","status":"publish","type":"page","link":"http:\/\/www.dialogische-kultur-und-bildung.de\/salonslalom\/galerie-2\/wenn-das-die-losung-ist-hatte-ich-gern-das-problem-zuruck-2\/","title":{"rendered":"\u201eWenn das die L\u00f6sung ist, h\u00e4tte ich gern das Problem zur\u00fcck\u201c"},"content":{"rendered":"<p><img loading=\"lazy\" decoding=\"async\" class=\"alignleft size-medium wp-image-969\" src=\"http:\/\/salonslalom.files.wordpress.com\/2013\/02\/prob61.jpg?w=300\" alt=\"Prob6\" width=\"300\" height=\"199\" \/> <img loading=\"lazy\" decoding=\"async\" class=\"alignleft size-medium wp-image-968\" src=\"http:\/\/salonslalom.files.wordpress.com\/2013\/02\/prob51.jpg?w=300\" alt=\"Prob5\" width=\"300\" height=\"199\" \/> <img loading=\"lazy\" decoding=\"async\" class=\"alignleft size-medium wp-image-967\" src=\"http:\/\/salonslalom.files.wordpress.com\/2013\/02\/prob41.jpg?w=300\" alt=\"Prob4\" width=\"300\" height=\"300\" \/> <img loading=\"lazy\" decoding=\"async\" class=\"alignleft size-medium wp-image-966\" src=\"http:\/\/salonslalom.files.wordpress.com\/2013\/02\/prob21.jpg?w=200\" alt=\"Prob2\" width=\"200\" height=\"300\" \/> <img loading=\"lazy\" decoding=\"async\" class=\"alignleft size-medium wp-image-965\" src=\"http:\/\/salonslalom.files.wordpress.com\/2013\/02\/prob12.jpg?w=300\" alt=\"Prob1\" width=\"300\" height=\"300\" \/> <img loading=\"lazy\" decoding=\"async\" class=\"alignleft size-medium wp-image-964\" src=\"http:\/\/salonslalom.files.wordpress.com\/2013\/02\/prob71.jpg?w=200\" alt=\"Prob7\" width=\"200\" height=\"300\" \/> <img loading=\"lazy\" decoding=\"async\" class=\"alignleft size-medium wp-image-953\" src=\"http:\/\/salonslalom.files.wordpress.com\/2013\/02\/prob17.jpg?w=300\" alt=\"Prob17\" width=\"300\" height=\"300\" \/> <img loading=\"lazy\" decoding=\"async\" class=\"alignleft size-medium wp-image-952\" src=\"http:\/\/salonslalom.files.wordpress.com\/2013\/02\/prob16.jpg?w=300\" alt=\"Prob16\" width=\"300\" height=\"300\" \/> <img loading=\"lazy\" decoding=\"async\" class=\"alignleft size-medium wp-image-951\" src=\"http:\/\/salonslalom.files.wordpress.com\/2013\/02\/prob15.jpg?w=300\" alt=\"Prob15\" width=\"300\" height=\"300\" \/> <img loading=\"lazy\" decoding=\"async\" class=\"alignleft size-medium wp-image-950\" src=\"http:\/\/salonslalom.files.wordpress.com\/2013\/02\/prob13.jpg?w=300\" alt=\"Prob13\" width=\"300\" height=\"199\" \/> <img loading=\"lazy\" decoding=\"async\" class=\"alignleft size-medium wp-image-949\" src=\"http:\/\/salonslalom.files.wordpress.com\/2013\/02\/prob11.jpg?w=300\" alt=\"Prob11\" width=\"300\" height=\"300\" \/> <img loading=\"lazy\" decoding=\"async\" class=\"alignleft size-medium wp-image-948\" src=\"http:\/\/salonslalom.files.wordpress.com\/2013\/02\/prob9.jpg?w=300\" alt=\"Prob9\" width=\"300\" height=\"199\" \/> <img loading=\"lazy\" decoding=\"async\" class=\"alignleft size-medium wp-image-947\" src=\"http:\/\/salonslalom.files.wordpress.com\/2013\/02\/prob8.jpg?w=300\" alt=\"Prob8\" width=\"300\" height=\"199\" \/><\/p>\n","protected":false},"excerpt":{"rendered":"","protected":false},"author":1,"featured_media":0,"parent":2708,"menu_order":13,"comment_status":"closed","ping_status":"closed","template":"","meta":{"footnotes":""},"class_list":["post-971","page","type-page","status-publish","hentry"],"_links":{"self":[{"href":"http:\/\/www.dialogische-kultur-und-bildung.de\/salonslalom\/wp-json\/wp\/v2\/pages\/971","targetHints":{"allow":["GET"]}}],"collection":[{"href":"http:\/\/www.dialogische-kultur-und-bildung.de\/salonslalom\/wp-json\/wp\/v2\/pages"}],"about":[{"href":"http:\/\/www.dialogische-kultur-und-bildung.de\/salonslalom\/wp-json\/wp\/v2\/types\/page"}],"author":[{"embeddable":true,"href":"http:\/\/www.dialogische-kultur-und-bildung.de\/salonslalom\/wp-json\/wp\/v2\/users\/1"}],"replies":[{"embeddable":true,"href":"http:\/\/www.dialogische-kultur-und-bildung.de\/salonslalom\/wp-json\/wp\/v2\/comments?post=971"}],"version-history":[{"count":1,"href":"http:\/\/www.dialogische-kultur-und-bildung.de\/salonslalom\/wp-json\/wp\/v2\/pages\/971\/revisions"}],"predecessor-version":[{"id":2727,"href":"http:\/\/www.dialogische-kultur-und-bildung.de\/salonslalom\/wp-json\/wp\/v2\/pages\/971\/revisions\/2727"}],"up":[{"embeddable":true,"href":"http:\/\/www.dialogische-kultur-und-bildung.de\/salonslalom\/wp-json\/wp\/v2\/pages\/2708"}],"wp:attachment":[{"href":"http:\/\/www.dialogische-kultur-und-bildung.de\/salonslalom\/wp-json\/wp\/v2\/media?parent=971"}],"curies":[{"name":"wp","href":"https:\/\/api.w.org\/{rel}","templated":true}]}}