{"id":896,"date":"2013-02-20T22:41:59","date_gmt":"2013-02-20T20:41:59","guid":{"rendered":"http:\/\/salonslalom.wordpress.com\/?page_id=896"},"modified":"2018-09-17T15:15:45","modified_gmt":"2018-09-17T15:15:45","slug":"der-babylon-salon-warum-fallt-verstehen-so-schwer","status":"publish","type":"page","link":"http:\/\/www.dialogische-kultur-und-bildung.de\/salonslalom\/archiv\/der-babylon-salon-warum-fallt-verstehen-so-schwer\/","title":{"rendered":"Der Babylon-Salon: Warum f\u00e4llt Verstehen so schwer?"},"content":{"rendered":"<p>Meist sto\u00dfen wir auf das Problem des Verstehens, wenn wir eine andere Sprache zu lernen beginnen. Im Sprechen einer anderen Sprache als der Muttersprache merken wir, wie m\u00fchsam und komplex Verstehen ist. \u201eBroadcast yourself\u201c (You Tube) hei\u00dft nicht \u201eBacke Dein Brot selbst\u201c und \u201eCome in and find out\u201c (Douglas) meint nicht, dass man vielleicht nie wieder rausfindet \u00a0\u2013 obwohl einer Studie zufolge viele Deutsche das denken. Was zun\u00e4chst als Sonderfall des Verstehens erscheint, erweist sich bei genauerem Nachdenken als grunds\u00e4tzliches Problem. Verstehen erfordert immer die Rekonstruktion und Konstruktion verschiedener Kontexte f\u00fcr die Rede. Wem das zu technisch sei, kann es auch anders haben: Verstehen ist eine unwahrscheinliche Angelegenheit, scheint aber deshalb zu funktionieren, weil wir ganz von selbst und ohne es jemals bewusst gelernt zu haben, alle m\u00f6glichen Bedeutungen einer Rede in Abh\u00e4ngigkeit unseres Gegen\u00fcbers in einen Zusammenhang bringen k\u00f6nnen. Dieser originelle Akt der Bedeutungsgenerierung ist ein gewaltiger und zugleich sehr labiler Akt.<\/p>\n<p>F\u00fcr unseren Abend zum Thema Verstehen haben wir keine M\u00fchen gescheut: Wir\u00a0 haben einen Text nacheinander in sieben Sprachen \u00fcbersetzen lassen, um herauszufinden, wie das Original sich ver\u00e4ndert.<strong> Die Ergebnisse unseres Stille-Post-Experiments k\u00f6nnt Ihr hier abrufen<\/strong>. Wir haben eine Simultandolmetscherin eingeladen, die uns mit Profi-Equipment einen Crashkurs gab. Und wir haben mit Hilfe von Loriot und der Bibel zu ergr\u00fcnden versucht, welche Voraussetzungen erf\u00fcllt sein m\u00fcssen, damit Verstehen gelingen kann.<\/p>\n<p>Ein Abend mit Susanne G\u00f6litzer, Sandra Trauner und Eva Schmitt-Lautenschlager<\/p>\n<p>Freitag, 15. M\u00e4rz 2013<\/p>\n<p>Caf\u00e9-Bar LUCA, Niddastr. 54, 60329 Frankfurt am Main<br \/>\n(das Cafe Luna Park Cafe hat den Namen gewechselt)<\/p>\n<p>&nbsp;<\/p>\n","protected":false},"excerpt":{"rendered":"<p>Meist sto\u00dfen wir auf das Problem des Verstehens, wenn wir eine andere Sprache zu lernen beginnen. Im Sprechen einer anderen Sprache als der Muttersprache merken wir, wie m\u00fchsam und komplex Verstehen ist. \u201eBroadcast yourself\u201c (You Tube) hei\u00dft nicht \u201eBacke Dein &hellip; <a href=\"http:\/\/www.dialogische-kultur-und-bildung.de\/salonslalom\/archiv\/der-babylon-salon-warum-fallt-verstehen-so-schwer\/\">Weiterlesen <span class=\"meta-nav\">&rarr;<\/span><\/a><\/p>\n","protected":false},"author":1,"featured_media":0,"parent":36,"menu_order":0,"comment_status":"closed","ping_status":"open","template":"","meta":{"footnotes":""},"class_list":["post-896","page","type-page","status-publish","hentry"],"_links":{"self":[{"href":"http:\/\/www.dialogische-kultur-und-bildung.de\/salonslalom\/wp-json\/wp\/v2\/pages\/896","targetHints":{"allow":["GET"]}}],"collection":[{"href":"http:\/\/www.dialogische-kultur-und-bildung.de\/salonslalom\/wp-json\/wp\/v2\/pages"}],"about":[{"href":"http:\/\/www.dialogische-kultur-und-bildung.de\/salonslalom\/wp-json\/wp\/v2\/types\/page"}],"author":[{"embeddable":true,"href":"http:\/\/www.dialogische-kultur-und-bildung.de\/salonslalom\/wp-json\/wp\/v2\/users\/1"}],"replies":[{"embeddable":true,"href":"http:\/\/www.dialogische-kultur-und-bildung.de\/salonslalom\/wp-json\/wp\/v2\/comments?post=896"}],"version-history":[{"count":1,"href":"http:\/\/www.dialogische-kultur-und-bildung.de\/salonslalom\/wp-json\/wp\/v2\/pages\/896\/revisions"}],"predecessor-version":[{"id":2994,"href":"http:\/\/www.dialogische-kultur-und-bildung.de\/salonslalom\/wp-json\/wp\/v2\/pages\/896\/revisions\/2994"}],"up":[{"embeddable":true,"href":"http:\/\/www.dialogische-kultur-und-bildung.de\/salonslalom\/wp-json\/wp\/v2\/pages\/36"}],"wp:attachment":[{"href":"http:\/\/www.dialogische-kultur-und-bildung.de\/salonslalom\/wp-json\/wp\/v2\/media?parent=896"}],"curies":[{"name":"wp","href":"https:\/\/api.w.org\/{rel}","templated":true}]}}