{"id":799,"date":"2012-12-23T16:27:22","date_gmt":"2012-12-23T14:27:22","guid":{"rendered":"http:\/\/salonslalom.wordpress.com\/?page_id=799"},"modified":"2012-12-23T16:27:22","modified_gmt":"2012-12-23T14:27:22","slug":"elemente-schwarze-locher-und-der-urknall","status":"publish","type":"page","link":"http:\/\/www.dialogische-kultur-und-bildung.de\/salonslalom\/archiv\/elemente-schwarze-locher-und-der-urknall\/","title":{"rendered":"Elemente, schwarze L\u00f6cher und der Urknall"},"content":{"rendered":"<p><strong>Freitag, 25. Januar 2013<\/strong><br \/>\n<strong>mit dem Physiker Ingo Peter<\/strong><br \/>\n<strong>Ort: ein Teilchenbeschleuniger!<\/strong><b><br \/>\n<\/b><\/p>\n<p>Das gr\u00f6\u00dfte Experiment der Menschheitsgeschichte ist ein Teilchenbeschleuniger in Genf. Aber auch direkt vor unserer Haust\u00fcr in Darmstadt steht so ein Ding &#8211; viel kleiner, aber dennoch riesengro\u00df.Warum bauen Menschen solche riesigen Ger\u00e4te, was machen Wissenschaftler mit einem Teilchenbeschleuniger? Im Prinzip ganz einfach: Stan Laurel und Oliver Hardy werden es Euch zeigen!<\/p>\n<p>Am Originalschauplatz, dem <strong>Teilchenbeschleuniger von GSI in Darmstadt<\/strong> habt Ihr erfahren, wie Wissenschaftler aus aller Welt ihrer unb\u00e4ndigen Neugier folgen und in die innersten Geheimnisse der Materie und des Universums eindringen. Ob und wie befriedigend es sein kann, etwas Neues zu lernen, konnte jeder f\u00fcr sich in einem kleinen (nicht ganz so strengen und nat\u00fcrlich anonymen) Wissenstest feststellen.<\/p>\n<p>In der Galerie zeigen wir <a title=\"Elemente, schwarze L\u00f6cher und der\u00a0Urknall\" href=\"http:\/\/salonslalom.wordpress.com\/galerie\/elemente-schwarze-locher-und-der-urknall\/\">Bilder des Abends<\/a>.<\/p>\n","protected":false},"excerpt":{"rendered":"<p>Freitag, 25. Januar 2013 mit dem Physiker Ingo Peter Ort: ein Teilchenbeschleuniger! Das gr\u00f6\u00dfte Experiment der Menschheitsgeschichte ist ein Teilchenbeschleuniger in Genf. Aber auch direkt vor unserer Haust\u00fcr in Darmstadt steht so ein Ding &#8211; viel kleiner, aber dennoch riesengro\u00df.Warum &hellip; <a href=\"http:\/\/www.dialogische-kultur-und-bildung.de\/salonslalom\/archiv\/elemente-schwarze-locher-und-der-urknall\/\">Weiterlesen <span class=\"meta-nav\">&rarr;<\/span><\/a><\/p>\n","protected":false},"author":1,"featured_media":0,"parent":36,"menu_order":0,"comment_status":"closed","ping_status":"closed","template":"","meta":{"footnotes":""},"class_list":["post-799","page","type-page","status-publish","hentry"],"_links":{"self":[{"href":"http:\/\/www.dialogische-kultur-und-bildung.de\/salonslalom\/wp-json\/wp\/v2\/pages\/799","targetHints":{"allow":["GET"]}}],"collection":[{"href":"http:\/\/www.dialogische-kultur-und-bildung.de\/salonslalom\/wp-json\/wp\/v2\/pages"}],"about":[{"href":"http:\/\/www.dialogische-kultur-und-bildung.de\/salonslalom\/wp-json\/wp\/v2\/types\/page"}],"author":[{"embeddable":true,"href":"http:\/\/www.dialogische-kultur-und-bildung.de\/salonslalom\/wp-json\/wp\/v2\/users\/1"}],"replies":[{"embeddable":true,"href":"http:\/\/www.dialogische-kultur-und-bildung.de\/salonslalom\/wp-json\/wp\/v2\/comments?post=799"}],"version-history":[{"count":0,"href":"http:\/\/www.dialogische-kultur-und-bildung.de\/salonslalom\/wp-json\/wp\/v2\/pages\/799\/revisions"}],"up":[{"embeddable":true,"href":"http:\/\/www.dialogische-kultur-und-bildung.de\/salonslalom\/wp-json\/wp\/v2\/pages\/36"}],"wp:attachment":[{"href":"http:\/\/www.dialogische-kultur-und-bildung.de\/salonslalom\/wp-json\/wp\/v2\/media?parent=799"}],"curies":[{"name":"wp","href":"https:\/\/api.w.org\/{rel}","templated":true}]}}