{"id":741,"date":"2012-11-24T17:32:16","date_gmt":"2012-11-24T15:32:16","guid":{"rendered":"http:\/\/salonslalom.wordpress.com\/?page_id=741"},"modified":"2012-11-24T17:32:16","modified_gmt":"2012-11-24T15:32:16","slug":"wenn-das-die-losung-ist-hatte-ich-gern-das-problem-zuruck","status":"publish","type":"page","link":"http:\/\/www.dialogische-kultur-und-bildung.de\/salonslalom\/archiv\/wenn-das-die-losung-ist-hatte-ich-gern-das-problem-zuruck\/","title":{"rendered":"\u201eWenn das die L\u00f6sung ist, h\u00e4tte ich gern das Problem zur\u00fcck\u201c"},"content":{"rendered":"<p>Ein (un)problematischer Abend mit Melanie Wirtz und Sandra Trauner<\/p>\n<p>\u201eAlles Leben ist Probleml\u00f6sen\u201c behauptet Karl Popper und Dirk Baecker berichtet \u201eVom Nutzen ungel\u00f6ster Probleme\u201c.\u00a0\u201eNeed a Problem?\u201c fragt eine Website, die ma\u00dfgeschneiderte Sorgen verkauft, w\u00e4hrend sich im Beruf Probleme neuerdings als Herausforderung\u00a0verkleiden m\u00fcssen.<\/p>\n<p>Da erinnert man sich doch gern an Alf, f\u00fcr den war immer alles \u201enull Problemo\u201c. Zwischen Alf und Popper gehen wir das Thema ganz unproblematisch an: Wir wollen mit Euch Probleme tauschen und Kopfn\u00fcsse knacken, \u00fcber L\u00f6sungen philosophieren \u00a0&#8211;\u00a0und das Thema gemeinsam weglachen.<\/p>\n<p>Datum: Freitag, 15.06.2012<\/p>\n<p>Ort: Bahnhof Mainkur, An der Mainkur 9, 60386 Frankfurt,\u00a0<a href=\"http:\/\/www.etoile-frankfurt.de\/\">http:\/\/www.etoile-frankfurt.de\/<\/a><\/p>\n<p>Beginn:\u00a019 Uhr\u00a0mit Essen,\u00a020 Uhr\u00a0zum Vortrag<\/p>\n<p>Marc Augustin vom Restaurant L\u2018Etoile kocht exklusiv f\u00fcr uns eine orientalische Vorspeisenplatte (wahlweise vegetarisch oder mit Huhn), die alle Probleme vergessen l\u00e4sst &#8211; alles frisch und aus besten Bio-Zutaten.<\/p>\n<p>Der Vortrag findet anschlie\u00dfend neben dem Restaurant in einer problemerprobten alten Schalterhalle statt &#8211; bei sch\u00f6nem Wetter bei offenen Fl\u00fcgelt\u00fcren mit anschlie\u00dfender Diskussion im Freien.<\/p>\n<p>Fotos von diesem Abend sehr Ihr <a title=\"\u201eWenn das die L\u00f6sung ist, h\u00e4tte ich gern das Problem\u00a0zur\u00fcck\u201c\" href=\"http:\/\/salonslalom.wordpress.com\/galerie\/wenn-das-die-losung-ist-hatte-ich-gern-das-problem-zuruck-2\/\">hier.<\/a><\/p>\n","protected":false},"excerpt":{"rendered":"<p>Ein (un)problematischer Abend mit Melanie Wirtz und Sandra Trauner \u201eAlles Leben ist Probleml\u00f6sen\u201c behauptet Karl Popper und Dirk Baecker berichtet \u201eVom Nutzen ungel\u00f6ster Probleme\u201c.\u00a0\u201eNeed a Problem?\u201c fragt eine Website, die ma\u00dfgeschneiderte Sorgen verkauft, w\u00e4hrend sich im Beruf Probleme neuerdings als &hellip; <a href=\"http:\/\/www.dialogische-kultur-und-bildung.de\/salonslalom\/archiv\/wenn-das-die-losung-ist-hatte-ich-gern-das-problem-zuruck\/\">Weiterlesen <span class=\"meta-nav\">&rarr;<\/span><\/a><\/p>\n","protected":false},"author":1,"featured_media":0,"parent":36,"menu_order":2,"comment_status":"closed","ping_status":"open","template":"","meta":{"footnotes":""},"class_list":["post-741","page","type-page","status-publish","hentry"],"_links":{"self":[{"href":"http:\/\/www.dialogische-kultur-und-bildung.de\/salonslalom\/wp-json\/wp\/v2\/pages\/741","targetHints":{"allow":["GET"]}}],"collection":[{"href":"http:\/\/www.dialogische-kultur-und-bildung.de\/salonslalom\/wp-json\/wp\/v2\/pages"}],"about":[{"href":"http:\/\/www.dialogische-kultur-und-bildung.de\/salonslalom\/wp-json\/wp\/v2\/types\/page"}],"author":[{"embeddable":true,"href":"http:\/\/www.dialogische-kultur-und-bildung.de\/salonslalom\/wp-json\/wp\/v2\/users\/1"}],"replies":[{"embeddable":true,"href":"http:\/\/www.dialogische-kultur-und-bildung.de\/salonslalom\/wp-json\/wp\/v2\/comments?post=741"}],"version-history":[{"count":0,"href":"http:\/\/www.dialogische-kultur-und-bildung.de\/salonslalom\/wp-json\/wp\/v2\/pages\/741\/revisions"}],"up":[{"embeddable":true,"href":"http:\/\/www.dialogische-kultur-und-bildung.de\/salonslalom\/wp-json\/wp\/v2\/pages\/36"}],"wp:attachment":[{"href":"http:\/\/www.dialogische-kultur-und-bildung.de\/salonslalom\/wp-json\/wp\/v2\/media?parent=741"}],"curies":[{"name":"wp","href":"https:\/\/api.w.org\/{rel}","templated":true}]}}