{"id":5,"date":"2011-08-21T11:57:49","date_gmt":"2011-08-21T11:57:49","guid":{"rendered":"http:\/\/salonslalom.wordpress.com\/?page_id=2"},"modified":"2011-08-21T11:57:49","modified_gmt":"2011-08-21T11:57:49","slug":"salon-slalom","status":"publish","type":"page","link":"http:\/\/www.dialogische-kultur-und-bildung.de\/salonslalom\/salon-slalom\/","title":{"rendered":"Salon Slalom"},"content":{"rendered":"<p>Der Salon bietet einen Ort des Gespr\u00e4chs, Beisammenseins und zwanglosen R\u00e4sonierens \u00fcber Kunst, Kultur und Zeitgeschehen. Bei Wein, Kaffee oder Apfelsaft wollen wir uns mit grundlegenden und weniger grundlegenden Dingen des Lebens besch\u00e4ftigen. All das, was im gesch\u00e4ftigen Alltag oft untergeht, aber doch Zeit und Raum bekommen sollte: Das Wahre, Sch\u00f6ne, Gute, das Absurde, das H\u00e4ssliche, das Tragische, das L\u00e4cherliche, das Unverstandene\u2026 Frei nach dem Motto von Joseph Beuys ist jeder Teilnehmer des Salons ein K\u00fcnstler, Literat oder Philosoph und darf einen Abend vorbereiten oder auch unvorbereitet mitfahren.<\/p>\n<p>&nbsp;<\/p>\n<p>Wir sind auch bei <a href=\"https:\/\/www.facebook.com\/SalonSlalom\/\" target=\"_blank\" rel=\"noopener\">Facebook<\/a>\u00a0zu finden.<\/p>\n","protected":false},"excerpt":{"rendered":"<p>Der Salon bietet einen Ort des Gespr\u00e4chs, Beisammenseins und zwanglosen R\u00e4sonierens \u00fcber Kunst, Kultur und Zeitgeschehen. Bei Wein, Kaffee oder Apfelsaft wollen wir uns mit grundlegenden und weniger grundlegenden Dingen des Lebens besch\u00e4ftigen. All das, was im gesch\u00e4ftigen Alltag oft &hellip; <a href=\"http:\/\/www.dialogische-kultur-und-bildung.de\/salonslalom\/salon-slalom\/\">Weiterlesen <span class=\"meta-nav\">&rarr;<\/span><\/a><\/p>\n","protected":false},"author":1,"featured_media":0,"parent":0,"menu_order":1,"comment_status":"closed","ping_status":"closed","template":"","meta":{"footnotes":""},"class_list":["post-5","page","type-page","status-publish","hentry"],"_links":{"self":[{"href":"http:\/\/www.dialogische-kultur-und-bildung.de\/salonslalom\/wp-json\/wp\/v2\/pages\/5","targetHints":{"allow":["GET"]}}],"collection":[{"href":"http:\/\/www.dialogische-kultur-und-bildung.de\/salonslalom\/wp-json\/wp\/v2\/pages"}],"about":[{"href":"http:\/\/www.dialogische-kultur-und-bildung.de\/salonslalom\/wp-json\/wp\/v2\/types\/page"}],"author":[{"embeddable":true,"href":"http:\/\/www.dialogische-kultur-und-bildung.de\/salonslalom\/wp-json\/wp\/v2\/users\/1"}],"replies":[{"embeddable":true,"href":"http:\/\/www.dialogische-kultur-und-bildung.de\/salonslalom\/wp-json\/wp\/v2\/comments?post=5"}],"version-history":[{"count":0,"href":"http:\/\/www.dialogische-kultur-und-bildung.de\/salonslalom\/wp-json\/wp\/v2\/pages\/5\/revisions"}],"wp:attachment":[{"href":"http:\/\/www.dialogische-kultur-und-bildung.de\/salonslalom\/wp-json\/wp\/v2\/media?parent=5"}],"curies":[{"name":"wp","href":"https:\/\/api.w.org\/{rel}","templated":true}]}}