{"id":3775,"date":"2024-12-22T14:00:37","date_gmt":"2024-12-22T14:00:37","guid":{"rendered":"http:\/\/www.dialogische-kultur-und-bildung.de\/salonslalom\/?page_id=3775"},"modified":"2024-12-22T14:19:27","modified_gmt":"2024-12-22T14:19:27","slug":"3775-2","status":"publish","type":"page","link":"http:\/\/www.dialogische-kultur-und-bildung.de\/salonslalom\/galerie-2\/3775-2\/","title":{"rendered":"Paarungen und Mixturen \u2013 Literatur im Gespr\u00e4ch"},"content":{"rendered":"\n<p>Zur Lesung und Gespr\u00e4ch zum Thema \u201ePaarungen und Mixturen\u201c kamen am 07.06.2024 <strong>Derk Frerichs<\/strong>, <strong>Susanne G\u00f6litzer<\/strong> und <strong>Andreas Heckmann<\/strong> zu uns und lasen aus ihren Texten, die in der Literaturzeitschrift \u201eAm Erker\u201c ver\u00f6ffentlicht wurden.<\/p>\n\n\n<div data-carousel-extra='{\"blog_id\":1,\"permalink\":\"http:\\\/\\\/www.dialogische-kultur-und-bildung.de\\\/salonslalom\\\/galerie-2\\\/3775-2\\\/\"}' class=\"tiled-gallery type-rectangular\" data-original-width=\"584\"><div class=\"gallery-row\" style=\"width: 579px; height: 405px;\"><div class=\"gallery-group images-2\" style=\"width: 271px; height: 409px;\"><div class=\"tiled-gallery-item tiled-gallery-item-large\"><a href=\"http:\/\/www.dialogische-kultur-und-bildung.de\/salonslalom\/andreas-heckmann-las-praegungen-aus-erker-69-und-brief-aus-erker-81-links-stehend-salon-mitgruender-mathias-fechter-bei-einleitenden-worten-foto-susanne-goelitzer\/\"><img loading=\"lazy\" decoding=\"async\" data-attachment-id=\"3762\" data-orig-file=\"http:\/\/www.dialogische-kultur-und-bildung.de\/salonslalom\/wp-content\/uploads\/2024\/12\/Andreas-Heckmann-las-Praegungen-aus-Erker-69-und-Brief-aus-Erker-81.-Links-stehend-Salon-Mitgruender-Mathias-Fechter-bei-einleitenden-Worten.-Foto-Susanne-Goelitzer.jpg\" data-orig-size=\"640,480\" data-comments-opened=\"0\" data-image-meta=\"{&quot;aperture&quot;:&quot;0&quot;,&quot;credit&quot;:&quot;&quot;,&quot;camera&quot;:&quot;&quot;,&quot;caption&quot;:&quot;&quot;,&quot;created_timestamp&quot;:&quot;0&quot;,&quot;copyright&quot;:&quot;&quot;,&quot;focal_length&quot;:&quot;0&quot;,&quot;iso&quot;:&quot;0&quot;,&quot;shutter_speed&quot;:&quot;0&quot;,&quot;title&quot;:&quot;&quot;,&quot;orientation&quot;:&quot;1&quot;}\" data-image-title=\"Andreas Heckmann las &#8218;Pr\u00e4gungen&#8216; aus Erker 69 und &#8218;Brief&#8216; aus Erker 81. Links stehend Salon-Mitgr\u00fcnder Mathias Fechter bei einleitenden Worten. Foto Susanne G\u00f6litzer.\" data-image-description=\"\" data-medium-file=\"http:\/\/www.dialogische-kultur-und-bildung.de\/salonslalom\/wp-content\/uploads\/2024\/12\/Andreas-Heckmann-las-Praegungen-aus-Erker-69-und-Brief-aus-Erker-81.-Links-stehend-Salon-Mitgruender-Mathias-Fechter-bei-einleitenden-Worten.-Foto-Susanne-Goelitzer-300x225.jpg\" data-large-file=\"http:\/\/www.dialogische-kultur-und-bildung.de\/salonslalom\/wp-content\/uploads\/2024\/12\/Andreas-Heckmann-las-Praegungen-aus-Erker-69-und-Brief-aus-Erker-81.-Links-stehend-Salon-Mitgruender-Mathias-Fechter-bei-einleitenden-Worten.-Foto-Susanne-Goelitzer.jpg\" src=\"http:\/\/www.dialogische-kultur-und-bildung.de\/salonslalom\/wp-content\/uploads\/2024\/12\/Andreas-Heckmann-las-Praegungen-aus-Erker-69-und-Brief-aus-Erker-81.-Links-stehend-Salon-Mitgruender-Mathias-Fechter-bei-einleitenden-Worten.-Foto-Susanne-Goelitzer-267x201.jpg\" width=\"267\" height=\"201\" align=\"left\" title=\"Andreas Heckmann las &#039;Pr\u00e4gungen&#039; aus Erker 69 und &#039;Brief&#039; aus Erker 81. Links stehend Salon-Mitgr\u00fcnder Mathias Fechter bei einleitenden Worten. Foto Susanne G\u00f6litzer.\" \/><\/a><\/div><div class=\"tiled-gallery-item tiled-gallery-item-large\"><a href=\"http:\/\/www.dialogische-kultur-und-bildung.de\/salonslalom\/signal-2024-12-22-12-23-18-848\/\"><img loading=\"lazy\" decoding=\"async\" data-attachment-id=\"3770\" data-orig-file=\"http:\/\/www.dialogische-kultur-und-bildung.de\/salonslalom\/wp-content\/uploads\/2024\/12\/signal-2024-12-22-12-23-18-848.jpg\" data-orig-size=\"2000,1500\" data-comments-opened=\"0\" data-image-meta=\"{&quot;aperture&quot;:&quot;0&quot;,&quot;credit&quot;:&quot;&quot;,&quot;camera&quot;:&quot;&quot;,&quot;caption&quot;:&quot;&quot;,&quot;created_timestamp&quot;:&quot;0&quot;,&quot;copyright&quot;:&quot;&quot;,&quot;focal_length&quot;:&quot;0&quot;,&quot;iso&quot;:&quot;0&quot;,&quot;shutter_speed&quot;:&quot;0&quot;,&quot;title&quot;:&quot;&quot;,&quot;orientation&quot;:&quot;0&quot;}\" data-image-title=\"\" data-image-description=\"\" data-medium-file=\"http:\/\/www.dialogische-kultur-und-bildung.de\/salonslalom\/wp-content\/uploads\/2024\/12\/signal-2024-12-22-12-23-18-848-300x225.jpg\" data-large-file=\"http:\/\/www.dialogische-kultur-und-bildung.de\/salonslalom\/wp-content\/uploads\/2024\/12\/signal-2024-12-22-12-23-18-848-1024x768.jpg\" src=\"http:\/\/www.dialogische-kultur-und-bildung.de\/salonslalom\/wp-content\/uploads\/2024\/12\/signal-2024-12-22-12-23-18-848-267x200.jpg\" width=\"267\" height=\"200\" align=\"left\" title=\"\" \/><\/a><\/div><\/div><div class=\"gallery-group images-1\" style=\"width: 308px; height: 409px;\"><div class=\"tiled-gallery-item tiled-gallery-item-large\"><a href=\"http:\/\/www.dialogische-kultur-und-bildung.de\/salonslalom\/susanne-goelitzer-liest-lerkas-liebe-aus-erker-86-und-einen-weiteren-text-aus-ihrem-lerka-manuskript-foto-mathias-fechter\/\"><img loading=\"lazy\" decoding=\"async\" data-attachment-id=\"3774\" data-orig-file=\"http:\/\/www.dialogische-kultur-und-bildung.de\/salonslalom\/wp-content\/uploads\/2024\/12\/Susanne-Goelitzer-liest-Lerkas-Liebe-aus-Erker-86-und-einen-weiteren-Text-aus-ihrem-Lerka-Manuskript.-Foto-Mathias-Fechter.jpg\" data-orig-size=\"1200,1600\" data-comments-opened=\"0\" data-image-meta=\"{&quot;aperture&quot;:&quot;0&quot;,&quot;credit&quot;:&quot;&quot;,&quot;camera&quot;:&quot;&quot;,&quot;caption&quot;:&quot;&quot;,&quot;created_timestamp&quot;:&quot;0&quot;,&quot;copyright&quot;:&quot;&quot;,&quot;focal_length&quot;:&quot;0&quot;,&quot;iso&quot;:&quot;0&quot;,&quot;shutter_speed&quot;:&quot;0&quot;,&quot;title&quot;:&quot;&quot;,&quot;orientation&quot;:&quot;0&quot;}\" data-image-title=\"Susanne G\u00f6litzer liest &#8218;Lerkas Liebe&#8216; aus Erker 86 und einen weiteren Text aus ihrem Lerka-Manuskript. Foto Mathias Fechter.\" data-image-description=\"\" data-medium-file=\"http:\/\/www.dialogische-kultur-und-bildung.de\/salonslalom\/wp-content\/uploads\/2024\/12\/Susanne-Goelitzer-liest-Lerkas-Liebe-aus-Erker-86-und-einen-weiteren-Text-aus-ihrem-Lerka-Manuskript.-Foto-Mathias-Fechter-225x300.jpg\" data-large-file=\"http:\/\/www.dialogische-kultur-und-bildung.de\/salonslalom\/wp-content\/uploads\/2024\/12\/Susanne-Goelitzer-liest-Lerkas-Liebe-aus-Erker-86-und-einen-weiteren-Text-aus-ihrem-Lerka-Manuskript.-Foto-Mathias-Fechter-768x1024.jpg\" src=\"http:\/\/www.dialogische-kultur-und-bildung.de\/salonslalom\/wp-content\/uploads\/2024\/12\/Susanne-Goelitzer-liest-Lerkas-Liebe-aus-Erker-86-und-einen-weiteren-Text-aus-ihrem-Lerka-Manuskript.-Foto-Mathias-Fechter-304x405.jpg\" width=\"304\" height=\"405\" align=\"left\" title=\"Susanne G\u00f6litzer liest &#039;Lerkas Liebe&#039; aus Erker 86 und einen weiteren Text aus ihrem Lerka-Manuskript. Foto Mathias Fechter.\" \/><\/a><\/div><\/div><\/div><div class=\"gallery-row\" style=\"width: 579px; height: 214px;\"><div class=\"gallery-group images-1\" style=\"width: 290px; height: 218px;\"><div class=\"tiled-gallery-item tiled-gallery-item-large\"><a href=\"http:\/\/www.dialogische-kultur-und-bildung.de\/salonslalom\/signal-2024-12-22-12-23-18-848-6\/\"><img loading=\"lazy\" decoding=\"async\" data-attachment-id=\"3773\" data-orig-file=\"http:\/\/www.dialogische-kultur-und-bildung.de\/salonslalom\/wp-content\/uploads\/2024\/12\/signal-2024-12-22-12-23-18-848-6.jpg\" data-orig-size=\"1600,1200\" data-comments-opened=\"0\" data-image-meta=\"{&quot;aperture&quot;:&quot;0&quot;,&quot;credit&quot;:&quot;&quot;,&quot;camera&quot;:&quot;&quot;,&quot;caption&quot;:&quot;&quot;,&quot;created_timestamp&quot;:&quot;0&quot;,&quot;copyright&quot;:&quot;&quot;,&quot;focal_length&quot;:&quot;0&quot;,&quot;iso&quot;:&quot;0&quot;,&quot;shutter_speed&quot;:&quot;0&quot;,&quot;title&quot;:&quot;&quot;,&quot;orientation&quot;:&quot;0&quot;}\" data-image-title=\"\" data-image-description=\"\" data-medium-file=\"http:\/\/www.dialogische-kultur-und-bildung.de\/salonslalom\/wp-content\/uploads\/2024\/12\/signal-2024-12-22-12-23-18-848-6-300x225.jpg\" data-large-file=\"http:\/\/www.dialogische-kultur-und-bildung.de\/salonslalom\/wp-content\/uploads\/2024\/12\/signal-2024-12-22-12-23-18-848-6-1024x768.jpg\" src=\"http:\/\/www.dialogische-kultur-und-bildung.de\/salonslalom\/wp-content\/uploads\/2024\/12\/signal-2024-12-22-12-23-18-848-6-286x214.jpg\" width=\"286\" height=\"214\" align=\"left\" title=\"\" \/><\/a><\/div><\/div><div class=\"gallery-group images-1\" style=\"width: 289px; height: 218px;\"><div class=\"tiled-gallery-item tiled-gallery-item-large\"><a href=\"http:\/\/www.dialogische-kultur-und-bildung.de\/salonslalom\/signal-2024-12-22-12-23-18-848-5\/\"><img loading=\"lazy\" decoding=\"async\" data-attachment-id=\"3772\" data-orig-file=\"http:\/\/www.dialogische-kultur-und-bildung.de\/salonslalom\/wp-content\/uploads\/2024\/12\/signal-2024-12-22-12-23-18-848-5.jpg\" data-orig-size=\"2000,1500\" data-comments-opened=\"0\" data-image-meta=\"{&quot;aperture&quot;:&quot;0&quot;,&quot;credit&quot;:&quot;&quot;,&quot;camera&quot;:&quot;&quot;,&quot;caption&quot;:&quot;&quot;,&quot;created_timestamp&quot;:&quot;0&quot;,&quot;copyright&quot;:&quot;&quot;,&quot;focal_length&quot;:&quot;0&quot;,&quot;iso&quot;:&quot;0&quot;,&quot;shutter_speed&quot;:&quot;0&quot;,&quot;title&quot;:&quot;&quot;,&quot;orientation&quot;:&quot;0&quot;}\" data-image-title=\"\" data-image-description=\"\" data-medium-file=\"http:\/\/www.dialogische-kultur-und-bildung.de\/salonslalom\/wp-content\/uploads\/2024\/12\/signal-2024-12-22-12-23-18-848-5-300x225.jpg\" data-large-file=\"http:\/\/www.dialogische-kultur-und-bildung.de\/salonslalom\/wp-content\/uploads\/2024\/12\/signal-2024-12-22-12-23-18-848-5-1024x768.jpg\" src=\"http:\/\/www.dialogische-kultur-und-bildung.de\/salonslalom\/wp-content\/uploads\/2024\/12\/signal-2024-12-22-12-23-18-848-5-285x214.jpg\" width=\"285\" height=\"214\" align=\"left\" title=\"\" \/><\/a><\/div><\/div><\/div><div class=\"gallery-row\" style=\"width: 579px; height: 287px;\"><div class=\"gallery-group images-1\" style=\"width: 193px; height: 291px;\"><div class=\"tiled-gallery-item tiled-gallery-item-small\"><a href=\"http:\/\/www.dialogische-kultur-und-bildung.de\/salonslalom\/derk-frerichs-liest-aus-ein-naechtliches-abenteuer-erker-86-und-aus-auf-verlorenem-posten-erker-82-foto-mathias-fechter\/\"><img loading=\"lazy\" decoding=\"async\" data-attachment-id=\"3764\" data-orig-file=\"http:\/\/www.dialogische-kultur-und-bildung.de\/salonslalom\/wp-content\/uploads\/2024\/12\/Derk-Frerichs-liest-aus-Ein-naechtliches-Abenteuer-Erker-86-und-aus-Auf-verlorenem-Posten-Erker-82.-Foto-Mathias-Fechter.jpg\" data-orig-size=\"791,1200\" data-comments-opened=\"0\" data-image-meta=\"{&quot;aperture&quot;:&quot;0&quot;,&quot;credit&quot;:&quot;&quot;,&quot;camera&quot;:&quot;&quot;,&quot;caption&quot;:&quot;&quot;,&quot;created_timestamp&quot;:&quot;0&quot;,&quot;copyright&quot;:&quot;&quot;,&quot;focal_length&quot;:&quot;0&quot;,&quot;iso&quot;:&quot;0&quot;,&quot;shutter_speed&quot;:&quot;0&quot;,&quot;title&quot;:&quot;&quot;,&quot;orientation&quot;:&quot;0&quot;}\" data-image-title=\"Derk Frerichs liest aus &#8218;Ein n\u00e4chtliches Abenteuer&#8216; (Erker 86) und aus &#8218;Auf verlorenem Posten&#8216; (Erker 82). Foto Mathias Fechter.\" data-image-description=\"\" data-medium-file=\"http:\/\/www.dialogische-kultur-und-bildung.de\/salonslalom\/wp-content\/uploads\/2024\/12\/Derk-Frerichs-liest-aus-Ein-naechtliches-Abenteuer-Erker-86-und-aus-Auf-verlorenem-Posten-Erker-82.-Foto-Mathias-Fechter-198x300.jpg\" data-large-file=\"http:\/\/www.dialogische-kultur-und-bildung.de\/salonslalom\/wp-content\/uploads\/2024\/12\/Derk-Frerichs-liest-aus-Ein-naechtliches-Abenteuer-Erker-86-und-aus-Auf-verlorenem-Posten-Erker-82.-Foto-Mathias-Fechter-675x1024.jpg\" src=\"http:\/\/www.dialogische-kultur-und-bildung.de\/salonslalom\/wp-content\/uploads\/2024\/12\/Derk-Frerichs-liest-aus-Ein-naechtliches-Abenteuer-Erker-86-und-aus-Auf-verlorenem-Posten-Erker-82.-Foto-Mathias-Fechter-189x287.jpg\" width=\"189\" height=\"287\" align=\"left\" title=\"Derk Frerichs liest aus &#039;Ein n\u00e4chtliches Abenteuer&#039; (Erker 86) und aus &#039;Auf verlorenem Posten&#039; (Erker 82). Foto Mathias Fechter.\" \/><\/a><\/div><\/div><div class=\"gallery-group images-1\" style=\"width: 386px; height: 291px;\"><div class=\"tiled-gallery-item tiled-gallery-item-large\"><a href=\"http:\/\/www.dialogische-kultur-und-bildung.de\/salonslalom\/img_20240607_202952\/\"><img loading=\"lazy\" decoding=\"async\" data-attachment-id=\"3766\" data-orig-file=\"http:\/\/www.dialogische-kultur-und-bildung.de\/salonslalom\/wp-content\/uploads\/2024\/12\/IMG_20240607_202952-scaled.jpg\" data-orig-size=\"2560,1920\" data-comments-opened=\"0\" data-image-meta=\"{&quot;aperture&quot;:&quot;1.8&quot;,&quot;credit&quot;:&quot;&quot;,&quot;camera&quot;:&quot;FP3&quot;,&quot;caption&quot;:&quot;00000001&quot;,&quot;created_timestamp&quot;:&quot;1717792192&quot;,&quot;copyright&quot;:&quot;&quot;,&quot;focal_length&quot;:&quot;3.56&quot;,&quot;iso&quot;:&quot;938&quot;,&quot;shutter_speed&quot;:&quot;0.041666666666667&quot;,&quot;title&quot;:&quot;00000001&quot;,&quot;orientation&quot;:&quot;0&quot;}\" data-image-title=\"\" data-image-description=\"\" data-medium-file=\"http:\/\/www.dialogische-kultur-und-bildung.de\/salonslalom\/wp-content\/uploads\/2024\/12\/IMG_20240607_202952-300x225.jpg\" data-large-file=\"http:\/\/www.dialogische-kultur-und-bildung.de\/salonslalom\/wp-content\/uploads\/2024\/12\/IMG_20240607_202952-1024x768.jpg\" src=\"http:\/\/www.dialogische-kultur-und-bildung.de\/salonslalom\/wp-content\/uploads\/2024\/12\/IMG_20240607_202952-scaled-382x287.jpg\" width=\"382\" height=\"287\" align=\"left\" title=\"\" \/><\/a><\/div><\/div><\/div><div class=\"gallery-row\" style=\"width: 579px; height: 200px;\"><div class=\"gallery-group images-1\" style=\"width: 154px; height: 204px;\"><div class=\"tiled-gallery-item tiled-gallery-item-small\"><a href=\"http:\/\/www.dialogische-kultur-und-bildung.de\/salonslalom\/signal-2024-12-22-12-23-18-848-1\/\"><img loading=\"lazy\" decoding=\"async\" data-attachment-id=\"3771\" data-orig-file=\"http:\/\/www.dialogische-kultur-und-bildung.de\/salonslalom\/wp-content\/uploads\/2024\/12\/signal-2024-12-22-12-23-18-848-1.jpg\" data-orig-size=\"1200,1600\" data-comments-opened=\"0\" data-image-meta=\"{&quot;aperture&quot;:&quot;0&quot;,&quot;credit&quot;:&quot;&quot;,&quot;camera&quot;:&quot;&quot;,&quot;caption&quot;:&quot;&quot;,&quot;created_timestamp&quot;:&quot;0&quot;,&quot;copyright&quot;:&quot;&quot;,&quot;focal_length&quot;:&quot;0&quot;,&quot;iso&quot;:&quot;0&quot;,&quot;shutter_speed&quot;:&quot;0&quot;,&quot;title&quot;:&quot;&quot;,&quot;orientation&quot;:&quot;0&quot;}\" data-image-title=\"\" data-image-description=\"\" data-medium-file=\"http:\/\/www.dialogische-kultur-und-bildung.de\/salonslalom\/wp-content\/uploads\/2024\/12\/signal-2024-12-22-12-23-18-848-1-225x300.jpg\" data-large-file=\"http:\/\/www.dialogische-kultur-und-bildung.de\/salonslalom\/wp-content\/uploads\/2024\/12\/signal-2024-12-22-12-23-18-848-1-768x1024.jpg\" src=\"http:\/\/www.dialogische-kultur-und-bildung.de\/salonslalom\/wp-content\/uploads\/2024\/12\/signal-2024-12-22-12-23-18-848-1-150x200.jpg\" width=\"150\" height=\"200\" align=\"left\" title=\"\" \/><\/a><\/div><\/div><div class=\"gallery-group images-1\" style=\"width: 271px; height: 204px;\"><div class=\"tiled-gallery-item tiled-gallery-item-large\"><a href=\"http:\/\/www.dialogische-kultur-und-bildung.de\/salonslalom\/img-20240608-wa0011\/\"><img loading=\"lazy\" decoding=\"async\" data-attachment-id=\"3769\" data-orig-file=\"http:\/\/www.dialogische-kultur-und-bildung.de\/salonslalom\/wp-content\/uploads\/2024\/12\/IMG-20240608-WA0011.jpg\" data-orig-size=\"1600,1200\" data-comments-opened=\"0\" data-image-meta=\"{&quot;aperture&quot;:&quot;0&quot;,&quot;credit&quot;:&quot;&quot;,&quot;camera&quot;:&quot;&quot;,&quot;caption&quot;:&quot;&quot;,&quot;created_timestamp&quot;:&quot;0&quot;,&quot;copyright&quot;:&quot;&quot;,&quot;focal_length&quot;:&quot;0&quot;,&quot;iso&quot;:&quot;0&quot;,&quot;shutter_speed&quot;:&quot;0&quot;,&quot;title&quot;:&quot;&quot;,&quot;orientation&quot;:&quot;0&quot;}\" data-image-title=\"\" data-image-description=\"\" data-medium-file=\"http:\/\/www.dialogische-kultur-und-bildung.de\/salonslalom\/wp-content\/uploads\/2024\/12\/IMG-20240608-WA0011-300x225.jpg\" data-large-file=\"http:\/\/www.dialogische-kultur-und-bildung.de\/salonslalom\/wp-content\/uploads\/2024\/12\/IMG-20240608-WA0011-1024x768.jpg\" src=\"http:\/\/www.dialogische-kultur-und-bildung.de\/salonslalom\/wp-content\/uploads\/2024\/12\/IMG-20240608-WA0011-267x200.jpg\" width=\"267\" height=\"200\" align=\"left\" title=\"\" \/><\/a><\/div><\/div><div class=\"gallery-group images-1\" style=\"width: 154px; height: 204px;\"><div class=\"tiled-gallery-item tiled-gallery-item-small\"><a href=\"http:\/\/www.dialogische-kultur-und-bildung.de\/salonslalom\/andreas-heckmann-und-moderatorin-sandra-trauner-foto-mathias-fechter\/\"><img loading=\"lazy\" decoding=\"async\" data-attachment-id=\"3763\" data-orig-file=\"http:\/\/www.dialogische-kultur-und-bildung.de\/salonslalom\/wp-content\/uploads\/2024\/12\/Andreas-Heckmann-und-Moderatorin-Sandra-Trauner.-Foto-Mathias-Fechter.jpg\" data-orig-size=\"1200,1600\" data-comments-opened=\"0\" data-image-meta=\"{&quot;aperture&quot;:&quot;0&quot;,&quot;credit&quot;:&quot;&quot;,&quot;camera&quot;:&quot;&quot;,&quot;caption&quot;:&quot;&quot;,&quot;created_timestamp&quot;:&quot;1717868355&quot;,&quot;copyright&quot;:&quot;&quot;,&quot;focal_length&quot;:&quot;0&quot;,&quot;iso&quot;:&quot;0&quot;,&quot;shutter_speed&quot;:&quot;0&quot;,&quot;title&quot;:&quot;&quot;,&quot;orientation&quot;:&quot;1&quot;}\" data-image-title=\"Andreas Heckmann und Moderatorin Sandra Trauner. Foto Mathias Fechter.\" data-image-description=\"\" data-medium-file=\"http:\/\/www.dialogische-kultur-und-bildung.de\/salonslalom\/wp-content\/uploads\/2024\/12\/Andreas-Heckmann-und-Moderatorin-Sandra-Trauner.-Foto-Mathias-Fechter-225x300.jpg\" data-large-file=\"http:\/\/www.dialogische-kultur-und-bildung.de\/salonslalom\/wp-content\/uploads\/2024\/12\/Andreas-Heckmann-und-Moderatorin-Sandra-Trauner.-Foto-Mathias-Fechter-768x1024.jpg\" src=\"http:\/\/www.dialogische-kultur-und-bildung.de\/salonslalom\/wp-content\/uploads\/2024\/12\/Andreas-Heckmann-und-Moderatorin-Sandra-Trauner.-Foto-Mathias-Fechter-150x200.jpg\" width=\"150\" height=\"200\" align=\"left\" title=\"Andreas Heckmann und Moderatorin Sandra Trauner. Foto Mathias Fechter.\" \/><\/a><\/div><\/div><\/div><div class=\"gallery-row\" style=\"width: 579px; height: 287px;\"><div class=\"gallery-group images-1\" style=\"width: 386px; height: 291px;\"><div class=\"tiled-gallery-item tiled-gallery-item-large\"><a href=\"http:\/\/www.dialogische-kultur-und-bildung.de\/salonslalom\/die-lust-am-text-hier-zu-erleben-bei-derk-frerichs-und-susanne-goelitzer-foto-mathias-fechter\/\"><img loading=\"lazy\" decoding=\"async\" data-attachment-id=\"3765\" data-orig-file=\"http:\/\/www.dialogische-kultur-und-bildung.de\/salonslalom\/wp-content\/uploads\/2024\/12\/Die-Lust-am-Text-hier-zu-erleben-bei-Derk-Frerichs-und-Susanne-Goelitzer.-Foto-Mathias-Fechter.jpg\" data-orig-size=\"1600,1200\" data-comments-opened=\"0\" data-image-meta=\"{&quot;aperture&quot;:&quot;0&quot;,&quot;credit&quot;:&quot;&quot;,&quot;camera&quot;:&quot;&quot;,&quot;caption&quot;:&quot;&quot;,&quot;created_timestamp&quot;:&quot;0&quot;,&quot;copyright&quot;:&quot;&quot;,&quot;focal_length&quot;:&quot;0&quot;,&quot;iso&quot;:&quot;0&quot;,&quot;shutter_speed&quot;:&quot;0&quot;,&quot;title&quot;:&quot;&quot;,&quot;orientation&quot;:&quot;0&quot;}\" data-image-title=\"Die Lust am Text, hier zu erleben bei Derk Frerichs und Susanne G\u00f6litzer. Foto Mathias Fechter.\" data-image-description=\"\" data-medium-file=\"http:\/\/www.dialogische-kultur-und-bildung.de\/salonslalom\/wp-content\/uploads\/2024\/12\/Die-Lust-am-Text-hier-zu-erleben-bei-Derk-Frerichs-und-Susanne-Goelitzer.-Foto-Mathias-Fechter-300x225.jpg\" data-large-file=\"http:\/\/www.dialogische-kultur-und-bildung.de\/salonslalom\/wp-content\/uploads\/2024\/12\/Die-Lust-am-Text-hier-zu-erleben-bei-Derk-Frerichs-und-Susanne-Goelitzer.-Foto-Mathias-Fechter-1024x768.jpg\" src=\"http:\/\/www.dialogische-kultur-und-bildung.de\/salonslalom\/wp-content\/uploads\/2024\/12\/Die-Lust-am-Text-hier-zu-erleben-bei-Derk-Frerichs-und-Susanne-Goelitzer.-Foto-Mathias-Fechter-382x287.jpg\" width=\"382\" height=\"287\" align=\"left\" title=\"Die Lust am Text, hier zu erleben bei Derk Frerichs und Susanne G\u00f6litzer. Foto Mathias Fechter.\" \/><\/a><\/div><\/div><div class=\"gallery-group images-2\" style=\"width: 193px; height: 291px;\"><div class=\"tiled-gallery-item tiled-gallery-item-small\"><a href=\"http:\/\/www.dialogische-kultur-und-bildung.de\/salonslalom\/img-20240608-wa0001\/\"><img loading=\"lazy\" decoding=\"async\" data-attachment-id=\"3767\" data-orig-file=\"http:\/\/www.dialogische-kultur-und-bildung.de\/salonslalom\/wp-content\/uploads\/2024\/12\/IMG-20240608-WA0001.jpg\" data-orig-size=\"1600,1200\" data-comments-opened=\"0\" data-image-meta=\"{&quot;aperture&quot;:&quot;0&quot;,&quot;credit&quot;:&quot;&quot;,&quot;camera&quot;:&quot;&quot;,&quot;caption&quot;:&quot;&quot;,&quot;created_timestamp&quot;:&quot;0&quot;,&quot;copyright&quot;:&quot;&quot;,&quot;focal_length&quot;:&quot;0&quot;,&quot;iso&quot;:&quot;0&quot;,&quot;shutter_speed&quot;:&quot;0&quot;,&quot;title&quot;:&quot;&quot;,&quot;orientation&quot;:&quot;0&quot;}\" data-image-title=\"\" data-image-description=\"\" data-medium-file=\"http:\/\/www.dialogische-kultur-und-bildung.de\/salonslalom\/wp-content\/uploads\/2024\/12\/IMG-20240608-WA0001-300x225.jpg\" data-large-file=\"http:\/\/www.dialogische-kultur-und-bildung.de\/salonslalom\/wp-content\/uploads\/2024\/12\/IMG-20240608-WA0001-1024x768.jpg\" src=\"http:\/\/www.dialogische-kultur-und-bildung.de\/salonslalom\/wp-content\/uploads\/2024\/12\/IMG-20240608-WA0001-189x142.jpg\" width=\"189\" height=\"142\" align=\"left\" title=\"\" \/><\/a><\/div><div class=\"tiled-gallery-item tiled-gallery-item-small\"><a href=\"http:\/\/www.dialogische-kultur-und-bildung.de\/salonslalom\/img-20240608-wa0002\/\"><img loading=\"lazy\" decoding=\"async\" data-attachment-id=\"3768\" data-orig-file=\"http:\/\/www.dialogische-kultur-und-bildung.de\/salonslalom\/wp-content\/uploads\/2024\/12\/IMG-20240608-WA0002.jpg\" data-orig-size=\"1600,1200\" data-comments-opened=\"0\" data-image-meta=\"{&quot;aperture&quot;:&quot;0&quot;,&quot;credit&quot;:&quot;&quot;,&quot;camera&quot;:&quot;&quot;,&quot;caption&quot;:&quot;&quot;,&quot;created_timestamp&quot;:&quot;0&quot;,&quot;copyright&quot;:&quot;&quot;,&quot;focal_length&quot;:&quot;0&quot;,&quot;iso&quot;:&quot;0&quot;,&quot;shutter_speed&quot;:&quot;0&quot;,&quot;title&quot;:&quot;&quot;,&quot;orientation&quot;:&quot;0&quot;}\" data-image-title=\"IMG-20240608-WA0002\" data-image-description=\"\" data-medium-file=\"http:\/\/www.dialogische-kultur-und-bildung.de\/salonslalom\/wp-content\/uploads\/2024\/12\/IMG-20240608-WA0002-300x225.jpg\" data-large-file=\"http:\/\/www.dialogische-kultur-und-bildung.de\/salonslalom\/wp-content\/uploads\/2024\/12\/IMG-20240608-WA0002-1024x768.jpg\" src=\"http:\/\/www.dialogische-kultur-und-bildung.de\/salonslalom\/wp-content\/uploads\/2024\/12\/IMG-20240608-WA0002-189x141.jpg\" width=\"189\" height=\"141\" align=\"left\" title=\"IMG-20240608-WA0002\" \/><\/a><\/div><\/div><\/div><\/div>","protected":false},"excerpt":{"rendered":"<p>Zur Lesung und Gespr\u00e4ch zum Thema \u201ePaarungen und Mixturen\u201c kamen am 07.06.2024 Derk Frerichs, Susanne G\u00f6litzer und Andreas Heckmann zu uns und lasen aus ihren Texten, die in der Literaturzeitschrift \u201eAm Erker\u201c ver\u00f6ffentlicht wurden.<\/p>\n","protected":false},"author":1,"featured_media":0,"parent":2708,"menu_order":0,"comment_status":"closed","ping_status":"closed","template":"","meta":{"footnotes":""},"class_list":["post-3775","page","type-page","status-publish","hentry"],"_links":{"self":[{"href":"http:\/\/www.dialogische-kultur-und-bildung.de\/salonslalom\/wp-json\/wp\/v2\/pages\/3775","targetHints":{"allow":["GET"]}}],"collection":[{"href":"http:\/\/www.dialogische-kultur-und-bildung.de\/salonslalom\/wp-json\/wp\/v2\/pages"}],"about":[{"href":"http:\/\/www.dialogische-kultur-und-bildung.de\/salonslalom\/wp-json\/wp\/v2\/types\/page"}],"author":[{"embeddable":true,"href":"http:\/\/www.dialogische-kultur-und-bildung.de\/salonslalom\/wp-json\/wp\/v2\/users\/1"}],"replies":[{"embeddable":true,"href":"http:\/\/www.dialogische-kultur-und-bildung.de\/salonslalom\/wp-json\/wp\/v2\/comments?post=3775"}],"version-history":[{"count":4,"href":"http:\/\/www.dialogische-kultur-und-bildung.de\/salonslalom\/wp-json\/wp\/v2\/pages\/3775\/revisions"}],"predecessor-version":[{"id":3780,"href":"http:\/\/www.dialogische-kultur-und-bildung.de\/salonslalom\/wp-json\/wp\/v2\/pages\/3775\/revisions\/3780"}],"up":[{"embeddable":true,"href":"http:\/\/www.dialogische-kultur-und-bildung.de\/salonslalom\/wp-json\/wp\/v2\/pages\/2708"}],"wp:attachment":[{"href":"http:\/\/www.dialogische-kultur-und-bildung.de\/salonslalom\/wp-json\/wp\/v2\/media?parent=3775"}],"curies":[{"name":"wp","href":"https:\/\/api.w.org\/{rel}","templated":true}]}}