{"id":3746,"date":"2024-07-21T10:51:15","date_gmt":"2024-07-21T10:51:15","guid":{"rendered":"http:\/\/www.dialogische-kultur-und-bildung.de\/salonslalom\/?page_id=3746"},"modified":"2024-07-21T10:55:51","modified_gmt":"2024-07-21T10:55:51","slug":"was-der-wald-in-uns-weckt-suesse-sehnsucht","status":"publish","type":"page","link":"http:\/\/www.dialogische-kultur-und-bildung.de\/salonslalom\/termine\/was-der-wald-in-uns-weckt-suesse-sehnsucht\/","title":{"rendered":"Was der Wald in uns weckt &#8211; S\u00fc\u00dfe Sehnsucht"},"content":{"rendered":"\n<figure class=\"wp-block-image size-full\"><a href=\"http:\/\/www.dialogische-kultur-und-bildung.de\/salonslalom\/wp-content\/uploads\/2024\/07\/suessesehnsucht.jpg\"><img loading=\"lazy\" decoding=\"async\" width=\"850\" height=\"500\" src=\"http:\/\/www.dialogische-kultur-und-bildung.de\/salonslalom\/wp-content\/uploads\/2024\/07\/suessesehnsucht.jpg\" alt=\"\" class=\"wp-image-3745\" srcset=\"http:\/\/www.dialogische-kultur-und-bildung.de\/salonslalom\/wp-content\/uploads\/2024\/07\/suessesehnsucht.jpg 850w, http:\/\/www.dialogische-kultur-und-bildung.de\/salonslalom\/wp-content\/uploads\/2024\/07\/suessesehnsucht-300x176.jpg 300w, http:\/\/www.dialogische-kultur-und-bildung.de\/salonslalom\/wp-content\/uploads\/2024\/07\/suessesehnsucht-768x452.jpg 768w, http:\/\/www.dialogische-kultur-und-bildung.de\/salonslalom\/wp-content\/uploads\/2024\/07\/suessesehnsucht-500x294.jpg 500w\" sizes=\"auto, (max-width: 850px) 100vw, 850px\" \/><\/a><\/figure>\n\n\n\n<p><em>&#8222;Immer h\u00f6her wuchs jene s\u00fc\u00dfe Sehnsucht in ihm, und immer breiter und saftiger wurden die Bl\u00e4tter, immer lauter und lustiger die V\u00f6gel und Thiere, balsamischer die Fr\u00fcchte, dunkler der Himmel, w\u00e4rmer die Luft, und hei\u00dfer seine Liebe, die Zeit ging immer schneller, als s\u00e4he sie sich nahe am Ziele.&#8220; (Novalis)<\/em><\/p>\n\n\n\n<p>Wer kennt nicht das s\u00fc\u00dfe Gef\u00fchl der Sehnsucht, dem Sehnen nach etwas ganz Anderem? F\u00fcr einige ist der Wald ein Sehnsuchtsort jenseits von Alltag und spr\u00f6der Routine. Doch welche W\u00fcnsche und Vorstellungen vermag der Wald in uns zu wecken? Was st\u00f6\u00dft er in uns an? Oder auch nicht? So unterschiedlich wir alle sind, so unterschiedlich sind die Vorstellungen und Geschichten, die wir mit ihm verbinden. Auf der Spur innerer Bilder gehen wir mit dem Frankfurter Playback-Theater \u201eTreibgut\u201c in den Wald. Das Playback-Theater spiegelt uns unsere Wald-Erfahrungen und die damit verbundenen Vorstellungen und Phantasien.<\/p>\n\n\n\n<p>Playback-Theater ist eine Form des Improvisationstheaters, das Erlebnisse, Geschichten und Gedanken des Publikums mit dramaturgischen Mitteln umsetzt. Das gemeinsame Erleben des Spielgeschehens im Wald kann eigene Assoziationen wecken und neue Sichtweisen anregen \u2013 auf uns selbst, unser Verh\u00e4ltnis zur Natur oder zur Zukunft des \u00d6kosystems Erde generell.<\/p>\n\n\n\n<p>Bei einem gemeinsamen Spaziergang wollen wir uns dem Wald auf besondere Weise n\u00e4hern: In einer Mischung aus spielerischer Auseinandersetzung mit unserer Wahrnehmung der Natur und k\u00fcnstlerischen Darbietungen begehen wir den Wald und sinnieren dar\u00fcber, was er in uns weckt.<\/p>\n\n\n\n<p><strong>Termin: Sonntag, 01.09.2024, 13:30-18:30 Uhr<\/strong><br><strong>Ort: Enkheimer Ried, Frankfurt am Main<\/strong><\/p>\n\n\n\n<p>Mit dem <strong>Playback-Theater Treibgut<\/strong> und <strong>Mathias Fechter<\/strong><\/p>\n\n\n\n<p>Bitte meldet euch <a href=\"http:\/\/www.dialogische-kultur-und-bildung.de\/salonslalom\/anmeldung\/\">hier<\/a> an. Nach der Anmeldung erhaltet Ihr genauere Informationen und eine Wegbeschreibung zum Ort der Veranstaltung.<\/p>\n\n\n\n<p>Eine Veranstaltung mit freundlicher Unterst\u00fctzung der Naspa Stiftung.<\/p>\n","protected":false},"excerpt":{"rendered":"<p>&#8222;Immer h\u00f6her wuchs jene s\u00fc\u00dfe Sehnsucht in ihm, und immer breiter und saftiger wurden die Bl\u00e4tter, immer lauter und lustiger die V\u00f6gel und Thiere, balsamischer die Fr\u00fcchte, dunkler der Himmel, w\u00e4rmer die Luft, und hei\u00dfer seine Liebe, die Zeit ging &hellip; <a href=\"http:\/\/www.dialogische-kultur-und-bildung.de\/salonslalom\/termine\/was-der-wald-in-uns-weckt-suesse-sehnsucht\/\">Weiterlesen <span class=\"meta-nav\">&rarr;<\/span><\/a><\/p>\n","protected":false},"author":1,"featured_media":0,"parent":8,"menu_order":0,"comment_status":"closed","ping_status":"closed","template":"","meta":{"footnotes":""},"class_list":["post-3746","page","type-page","status-publish","hentry"],"_links":{"self":[{"href":"http:\/\/www.dialogische-kultur-und-bildung.de\/salonslalom\/wp-json\/wp\/v2\/pages\/3746","targetHints":{"allow":["GET"]}}],"collection":[{"href":"http:\/\/www.dialogische-kultur-und-bildung.de\/salonslalom\/wp-json\/wp\/v2\/pages"}],"about":[{"href":"http:\/\/www.dialogische-kultur-und-bildung.de\/salonslalom\/wp-json\/wp\/v2\/types\/page"}],"author":[{"embeddable":true,"href":"http:\/\/www.dialogische-kultur-und-bildung.de\/salonslalom\/wp-json\/wp\/v2\/users\/1"}],"replies":[{"embeddable":true,"href":"http:\/\/www.dialogische-kultur-und-bildung.de\/salonslalom\/wp-json\/wp\/v2\/comments?post=3746"}],"version-history":[{"count":4,"href":"http:\/\/www.dialogische-kultur-und-bildung.de\/salonslalom\/wp-json\/wp\/v2\/pages\/3746\/revisions"}],"predecessor-version":[{"id":3750,"href":"http:\/\/www.dialogische-kultur-und-bildung.de\/salonslalom\/wp-json\/wp\/v2\/pages\/3746\/revisions\/3750"}],"up":[{"embeddable":true,"href":"http:\/\/www.dialogische-kultur-und-bildung.de\/salonslalom\/wp-json\/wp\/v2\/pages\/8"}],"wp:attachment":[{"href":"http:\/\/www.dialogische-kultur-und-bildung.de\/salonslalom\/wp-json\/wp\/v2\/media?parent=3746"}],"curies":[{"name":"wp","href":"https:\/\/api.w.org\/{rel}","templated":true}]}}