{"id":3709,"date":"2023-12-05T16:47:36","date_gmt":"2023-12-05T16:47:36","guid":{"rendered":"http:\/\/www.dialogische-kultur-und-bildung.de\/salonslalom\/?page_id=3709"},"modified":"2023-12-05T17:01:29","modified_gmt":"2023-12-05T17:01:29","slug":"eine-stadt-fuer-alle-oder-doch-nicht","status":"publish","type":"page","link":"http:\/\/www.dialogische-kultur-und-bildung.de\/salonslalom\/termine\/eine-stadt-fuer-alle-oder-doch-nicht\/","title":{"rendered":"Eine Stadt f\u00fcr alle \u2013 oder doch nicht?"},"content":{"rendered":"\n<p class=\"has-medium-font-size\"><strong>Wie Armut und Wohnungsnot die Gesellschaft herausfordern.<\/strong><\/p>\n\n\n\n<figure class=\"wp-block-image size-full\"><a href=\"http:\/\/www.dialogische-kultur-und-bildung.de\/salonslalom\/wp-content\/uploads\/2023\/12\/eine-stadt-fuer-alle.jpg\"><img loading=\"lazy\" decoding=\"async\" width=\"850\" height=\"500\" src=\"http:\/\/www.dialogische-kultur-und-bildung.de\/salonslalom\/wp-content\/uploads\/2023\/12\/eine-stadt-fuer-alle.jpg\" alt=\"\" class=\"wp-image-3708\" srcset=\"http:\/\/www.dialogische-kultur-und-bildung.de\/salonslalom\/wp-content\/uploads\/2023\/12\/eine-stadt-fuer-alle.jpg 850w, http:\/\/www.dialogische-kultur-und-bildung.de\/salonslalom\/wp-content\/uploads\/2023\/12\/eine-stadt-fuer-alle-300x176.jpg 300w, http:\/\/www.dialogische-kultur-und-bildung.de\/salonslalom\/wp-content\/uploads\/2023\/12\/eine-stadt-fuer-alle-768x452.jpg 768w, http:\/\/www.dialogische-kultur-und-bildung.de\/salonslalom\/wp-content\/uploads\/2023\/12\/eine-stadt-fuer-alle-500x294.jpg 500w\" sizes=\"auto, (max-width: 850px) 100vw, 850px\" \/><\/a><\/figure>\n\n\n\n<p>Eske Hicken, Reporterin beim Hessischen Rundfunk, hat sich vor sechs Jahren eine berufliche Auszeit genommen und ist nach Portland in den USA gereist, um hier ein Jahr lang f\u00fcr eine Organisation zu arbeiten, die f\u00fcr die Rechte von Obdachlosen k\u00e4mpft. Portland ist bekannt f\u00fcr seine liberale Drogenpolitik, Obdachlose leben hier zu Tausenden in Zelten auf der Stra\u00dfe. In ihrem Roman \u201eHomeless\u201c, der in Portland spielt, dokumentiert Eske Hicken aus der Sicht von vier Protagonisten die Spannungen zwischen den Armen und Heimatlosen auf der einen und der akademischen Mittelschicht auf der anderen Seite und macht deutlich, wie schnell die Toleranz selbst einer linksliberalen Gesellschaft an ihre Grenzen ger\u00e4t, wenn die Armutsprobleme vor der eigenen Haust\u00fcr sichtbar werden. F\u00fcr die Recherche ihres Romans hat Eske Hicken auf der Stra\u00dfe geschlafen, hat Anwohnerdiskussionen und Campmeetings besucht. <\/p>\n\n\n\n<p>Beim Salon wird die Autorin von diesen Erlebnissen in Portland erz\u00e4hlen und aus ihrem Buch, das beim Westend Verlag erschienen ist, vorlesen. Im anschlie\u00dfenden Gespr\u00e4ch mit Euch wollen wir dar\u00fcber sprechen, wie sich auch Frankfurt unter dem Druck von Migration und Wohnungsnot ver\u00e4ndert hat \u2013 und wom\u00f6glich noch ver\u00e4ndern wird. M\u00fcssen wir damit rechnen, dass Obdachlose demn\u00e4chst in Einkaufsstra\u00dfen wie der Zeil oder der Berger Stra\u00dfe zelten? Wie sollte eine humane Gesellschaft mit diesen Ver\u00e4nderungen umgehen?<\/p>\n\n\n\n<p><strong>Eske Hicken<\/strong>, Autorin des Romans \u201eHomeless\u201c, im Gespr\u00e4ch mit <strong>Petra Kirchhoff<\/strong>.<\/p>\n\n\n\n<p><strong>Termin: Freitag, 19. Januar 2024, 19:00 Uhr<br>Ort: Buchhandlung Buch &amp; Wein, Berger Stra\u00dfe 122, Frankfurt am Main\/Bornheim<\/strong><\/p>\n\n\n\n<p>Bis 20:00 Uhr besteht die M\u00f6glichkeit f\u00fcr Unterhaltung und Essen, danach Beginn des Gespr\u00e4chs. Das Essen kann vor Ort bestellt werden (Speisen von <em>tischlein* deck dich<\/em>).<\/p>\n\n\n\n<p>Bitte meldet Euch <a href=\"http:\/\/www.dialogische-kultur-und-bildung.de\/salonslalom\/anmeldung\/\" data-type=\"page\" data-id=\"129\">hier<\/a> an.<\/p>\n","protected":false},"excerpt":{"rendered":"<p>Wie Armut und Wohnungsnot die Gesellschaft herausfordern. Eske Hicken, Reporterin beim Hessischen Rundfunk, hat sich vor sechs Jahren eine berufliche Auszeit genommen und ist nach Portland in den USA gereist, um hier ein Jahr lang f\u00fcr eine Organisation zu arbeiten, &hellip; <a href=\"http:\/\/www.dialogische-kultur-und-bildung.de\/salonslalom\/termine\/eine-stadt-fuer-alle-oder-doch-nicht\/\">Weiterlesen <span class=\"meta-nav\">&rarr;<\/span><\/a><\/p>\n","protected":false},"author":1,"featured_media":0,"parent":8,"menu_order":0,"comment_status":"closed","ping_status":"closed","template":"","meta":{"footnotes":""},"class_list":["post-3709","page","type-page","status-publish","hentry"],"_links":{"self":[{"href":"http:\/\/www.dialogische-kultur-und-bildung.de\/salonslalom\/wp-json\/wp\/v2\/pages\/3709","targetHints":{"allow":["GET"]}}],"collection":[{"href":"http:\/\/www.dialogische-kultur-und-bildung.de\/salonslalom\/wp-json\/wp\/v2\/pages"}],"about":[{"href":"http:\/\/www.dialogische-kultur-und-bildung.de\/salonslalom\/wp-json\/wp\/v2\/types\/page"}],"author":[{"embeddable":true,"href":"http:\/\/www.dialogische-kultur-und-bildung.de\/salonslalom\/wp-json\/wp\/v2\/users\/1"}],"replies":[{"embeddable":true,"href":"http:\/\/www.dialogische-kultur-und-bildung.de\/salonslalom\/wp-json\/wp\/v2\/comments?post=3709"}],"version-history":[{"count":9,"href":"http:\/\/www.dialogische-kultur-und-bildung.de\/salonslalom\/wp-json\/wp\/v2\/pages\/3709\/revisions"}],"predecessor-version":[{"id":3726,"href":"http:\/\/www.dialogische-kultur-und-bildung.de\/salonslalom\/wp-json\/wp\/v2\/pages\/3709\/revisions\/3726"}],"up":[{"embeddable":true,"href":"http:\/\/www.dialogische-kultur-und-bildung.de\/salonslalom\/wp-json\/wp\/v2\/pages\/8"}],"wp:attachment":[{"href":"http:\/\/www.dialogische-kultur-und-bildung.de\/salonslalom\/wp-json\/wp\/v2\/media?parent=3709"}],"curies":[{"name":"wp","href":"https:\/\/api.w.org\/{rel}","templated":true}]}}