{"id":36,"date":"2011-08-21T14:27:48","date_gmt":"2011-08-21T12:27:48","guid":{"rendered":"http:\/\/salonslalom.wordpress.com\/?page_id=36"},"modified":"2024-08-20T14:39:56","modified_gmt":"2024-08-20T14:39:56","slug":"archiv","status":"publish","type":"page","link":"http:\/\/www.dialogische-kultur-und-bildung.de\/salonslalom\/archiv\/","title":{"rendered":"Archiv"},"content":{"rendered":"\n<p>07.06.2024<br><a href=\"http:\/\/www.dialogische-kultur-und-bildung.de\/salonslalom\/termine\/paarungen-und-mixturen-literatur-im-gespraech\/\" data-type=\"page\" data-id=\"3729\"><strong>Paarungen und Mixturen \u2013 Literatur im Gespr\u00e4ch<\/strong><\/a><br>Derk Frerichs, Susanne G\u00f6litzer und Andreas Heckmann<\/p>\n\n\n\n<p>19.01.2024<br> <a href=\"http:\/\/www.dialogische-kultur-und-bildung.de\/salonslalom\/termine\/eine-stadt-fuer-alle-oder-doch-nicht\/\"><strong>Eine Stadt f\u00fcr alle \u2013 oder doch nicht?<\/strong><\/a><br> <strong><a href=\"http:\/\/www.dialogische-kultur-und-bildung.de\/salonslalom\/termine\/eine-stadt-fuer-alle-oder-doch-nicht\/\">Wie Armut und Wohnungsnot die Gesellschaft herausfordern.<\/a><\/strong><br>Eske Hicken und Petra Kirchhoff<\/p>\n\n\n\n<p>01.12.2023<br> <a href=\"http:\/\/www.dialogische-kultur-und-bildung.de\/salonslalom\/termine\/wie-duefte-unser-leben-bestimmen-eine-duftreise-in-die-welt-des-geruchs\/\"><strong>Wie D\u00fcfte unser Leben bestimmen \u2013 Eine Duftreise in die Welt des Geruchs<\/strong><\/a><br>Manuella Jouradain<\/p>\n\n\n\n<p>14.10.2023<br>\n<a href=\"http:\/\/www.dialogische-kultur-und-bildung.de\/salonslalom\/termine\/waldsalon-unter-baeumen\/\"><strong>Waldsalon: Unter B\u00e4umen<\/strong><\/a><br>\nMathias Fechter und Susanne G\u00f6litzer<\/p>\n\n\n\n<p>20.01.2023<br>\n<a href=\"http:\/\/www.dialogische-kultur-und-bildung.de\/salonslalom\/termine\/nach-der-klimakonferenz-was-muss-kann-und-wird-passieren-um-die-welt-vor-dem-klimakollaps-zu-retten\/\"><strong>Nach der Klimakonferenz: Was muss, kann und wird passieren, um die Welt vor dem Klimakollaps zu retten?<\/strong><\/a><br>\nMalin Emmerich<\/p>\n\n\n\n<p>30.09.2022<br>\n<a href=\"http:\/\/www.dialogische-kultur-und-bildung.de\/salonslalom\/termine\/brombeer-und-erkenntnis-gedankliches-flanieren-durch-den-alltag\/\"><strong>Brombeer und Erkenntnis \u2013 gedankliches Flanieren durch den Alltag<\/strong><\/a><br>\n<a href=\"http:\/\/www.dialogische-kultur-und-bildung.de\/salonslalom\/termine\/brombeer-und-erkenntnis-gedankliches-flanieren-durch-den-alltag\/\"><strong>Ein poetischer Abend mit Musik<\/strong><\/a><br>\nSusanne G\u00f6litzer<\/p>\n\n\n\n<p>20.11.2021<br>\n<a href=\"http:\/\/www.dialogische-kultur-und-bildung.de\/salonslalom\/termine\/was-der-wald-in-uns-weckt\/\"><strong>Was der Wald in uns weckt<\/strong><\/a><br>\nSusanne G\u00f6litzer und Mathias Fechter<\/p>\n\n\n\n<p>24.09.2021<br>\n<strong><a href=\"http:\/\/www.dialogische-kultur-und-bildung.de\/salonslalom\/termine\/musik-liebe-tod\/\">Musik, Liebe, Tod \u2013 Orpheus in der Oper und im Leben<\/a><\/strong><br>\nRuth Zetzsche<\/p>\n\n\n\n<p>10.09.2021<br>\n<a href=\"http:\/\/www.dialogische-kultur-und-bildung.de\/salonslalom\/termine\/raute-im-gruenen\/\"><strong>Raute im Gr\u00fcnen \u2013 aufzeichensysteme. <\/strong><\/a><br>\n<strong><a href=\"http:\/\/www.dialogische-kultur-und-bildung.de\/salonslalom\/termine\/raute-im-gruenen\/\">Lesung mit partizipativer WortSetzung<\/a><\/strong><br>\nHanne R\u00f6mer<\/p>\n\n\n\n<p>07.05.2021<br>\n<strong><a href=\"http:\/\/www.dialogische-kultur-und-bildung.de\/salonslalom\/termine\/die-ausserdeutsche-grenze\/\">Die au\u00dferdeutsche Grenze \u2013 <\/a><\/strong><br>\n<a href=\"http:\/\/Die\"><strong>Die Lust am \u00dcberschreiten und Einhalten<\/strong><\/a><br>\nCharlotte B\u00f6hmer<\/p>\n\n\n\n<p>26.03.2021<br>\n<strong><a href=\"http:\/\/www.dialogische-kultur-und-bildung.de\/salonslalom\/termine\/wir-retten-die-welt\/\">Wir retten die Welt<\/a><br>\n<\/strong>Salon Slalom Special, Online-Veranstaltung<\/p>\n\n\n\n<p>12.03.2021<br>\n<a href=\"http:\/\/www.dialogische-kultur-und-bildung.de\/salonslalom\/termine\/die-balance-finden-ethisches-wirtschaften\/\"><strong>Die Balance finden \u2013 ethisches Wirtschaften<\/strong><\/a><br>\nSalon Slalom Special, Online-Veranstaltung<\/p>\n\n\n\n<p>26.02.2021<br>\n<a href=\"http:\/\/www.dialogische-kultur-und-bildung.de\/salonslalom\/termine\/sleeping-in-a-bridge\/\"><strong>Sleeping in a bridge<\/strong><\/a><br>\n<strong><a href=\"http:\/\/www.dialogische-kultur-und-bildung.de\/salonslalom\/termine\/sleeping-in-a-bridge\/\">Von Orten und Nichtorten<\/a><br>\n<\/strong>Salon Slalom Special, Online-Veranstaltung<\/p>\n\n\n\n<p>12.02.2021<br>\n<a href=\"http:\/\/www.dialogische-kultur-und-bildung.de\/salonslalom\/termine\/der-wald-und-wir\/\"><strong>Der Wald und wir<\/strong><\/a><br>\n<a href=\"http:\/\/www.dialogische-kultur-und-bildung.de\/salonslalom\/termine\/der-wald-und-wir\/\"><strong>Kunst &amp; Dialog: Natur, Mensch und Zukunft<\/strong><\/a><br>\n<a href=\"http:\/\/www.dialogische-kultur-und-bildung.de\/salonslalom\/termine\/der-wald-und-wir\/\"><strong>Digitales Waldbaden mit Sandra Mann<\/strong><\/a><br>\nSalon Slalom Special, Online-Veranstaltung<\/p>\n\n\n\n<p>29.01.2021<br>\n<a href=\"http:\/\/www.dialogische-kultur-und-bildung.de\/salonslalom\/termine\/jazz-corona-und-die-kunst-der-improvisation\/\"><strong>Jazz, Corona und die Kunst der Improvisation<\/strong><\/a><br>\nSalon Slalom Special, Online-Veranstaltung<\/p>\n\n\n\n<p>15.01.2021<br>\n<a href=\"http:\/\/www.dialogische-kultur-und-bildung.de\/salonslalom\/termine\/corona-halts-maul-jetzt-rede-ich\/\"><strong>Corona, halt\u2019s Maul! Jetzt rede ich<\/strong><\/a><br>\nSalon Slalom Special, Online-Veranstaltung<\/p>\n\n\n\n<p>24.04.2020<br>\n<a href=\"http:\/\/www.dialogische-kultur-und-bildung.de\/salonslalom\/zweiter-corona-salon\/\"><strong>Zweiter Corona-Salon<\/strong><\/a><br>\nOnline-Veranstaltung<\/p>\n\n\n\n<p>03.04.2020<br>\n<strong><a href=\"http:\/\/www.dialogische-kultur-und-bildung.de\/salonslalom\/termine\/zur-sprache-finden-lesung-und-gespraech-im-corona-ausnahmezustand\/\">Zur Sprache finden: Lesung und Gespr\u00e4ch im Corona-Ausnahmezustand<\/a><\/strong><br>\nOnline-Veranstaltung<\/p>\n\n\n\n<p>25.10.2019<br>\n<a href=\"http:\/\/www.dialogische-kultur-und-bildung.de\/salonslalom\/archiv\/vom-meisterdieb-zum-bestsellerautor-25-10-2019\/\"><strong>Vom Meisterdieb zum Bestsellerautor<\/strong><\/a><br>\nNorbert Rojan<\/p>\n\n\n\n<p>21.3.2019<br>\n<a href=\"http:\/\/www.dialogische-kultur-und-bildung.de\/salonslalom\/termine\/22-3-2019-unbewusste-entscheidungen\/\"><strong>Unbewusste Entscheidungen<\/strong><\/a><br>\nFranck Emmerich<\/p>\n\n\n\n<p>1.2.2019<br>\n<strong><a href=\"http:\/\/www.dialogische-kultur-und-bildung.de\/salonslalom\/archiv\/der-exot-vor-der-haustuer\/\">Der Exot vor der Haust\u00fcr<\/a><\/strong><br>\nPeter Zschunke<\/p>\n\n\n\n<p>26.10.2018<br>\n<strong><a href=\"http:\/\/www.dialogische-kultur-und-bildung.de\/salonslalom\/termine\/storytelling-veraenderung-durch-geschichtenerzaehlen\/\">Storytelling<\/a><\/strong><br>\nRhea Wessel<\/p>\n\n\n\n<p>8.6.2018<br>\n<strong><a href=\"http:\/\/www.dialogische-kultur-und-bildung.de\/salonslalom\/archiv\/schrei-nach-aussage-und-identitaet-graffiti-und-kommunikation-im-oeffentlichen-raum\/\">Graffiti &#8211; Schrei nach Aussage und Identit\u00e4t<\/a><\/strong><br>\nFinn G\u00f6litzer<\/p>\n\n\n\n<p>9.2.2018<br>\n<strong><a href=\"http:\/\/www.dialogische-kultur-und-bildung.de\/salonslalom\/archiv\/dialog-gemeinsam-denken-in-einer-vielstimmigen-welt\/\">Dialog<\/a><\/strong><br>\nSusanne G\u00f6litzer und Mathias Fechter<\/p>\n\n\n\n<p>27.10.2017<br>\n<a href=\"http:\/\/www.dialogische-kultur-und-bildung.de\/salonslalom\/archiv\/grueezi-und-hallo-am-29-oktober\/\"><strong>Gr\u00fcezi und Hallo<\/strong><\/a><br>\nPetra Kirchhoff und Stefan Bearth<\/p>\n\n\n\n<p>23.6.2017<br>\n<a href=\"http:\/\/www.dialogische-kultur-und-bildung.de\/salonslalom\/archiv\/salon-zum-thema-der-salon-am-23-juni\/\"><strong>Die Geschichte des Salons<\/strong><\/a><br>\nAnnette und Christos Rossalidis<\/p>\n\n\n\n<p>13.1.2017<br>\n<a href=\"http:\/\/www.dialogische-kultur-und-bildung.de\/salonslalom\/termine\/13-1-2017-die-psychologie-der-verschwoerungstheorie\/\"><strong>Verschw\u00f6rungstheorien reloaded<\/strong><\/a><br>\nGregor Honsel<\/p>\n\n\n\n<p>18.11.2016<br>\n<a href=\"http:\/\/www.dialogische-kultur-und-bildung.de\/salonslalom\/termine\/18-november-die-gesichter-der-toten\/\"><strong>Die Gesichter der Toten<\/strong><\/a><br>\nConstanze Niess<\/p>\n\n\n\n<p>30.9.2016<br>\n<a href=\"http:\/\/www.dialogische-kultur-und-bildung.de\/salonslalom\/termine\/7-10-einwanderungsongland-deutschland\/\"><strong>Einwanderung(song)land<\/strong><\/a><br>\nThomas Kunz<\/p>\n\n\n\n<p>23.09.2016:<br>\n<a href=\"http:\/\/www.dialogische-kultur-und-bildung.de\/salonslalom\/termine\/23-september-2016-lichtverkostung\/\"><strong>Lichtverkostung<\/strong><\/a><br>\nRosa Erdmann und&nbsp;Christoph Adlfinger-Pullmann<\/p>\n\n\n\n<p>18.03.2016:<br>\n<a href=\"http:\/\/www.dialogische-kultur-und-bildung.de\/salonslalom\/archiv\/18-3-fuehren-und-folgen-tango-als-sprache-ohne-worte\/\"><strong>F\u00fchren und Folgen<\/strong><\/a><br>\nSandra Trauner<\/p>\n\n\n\n<p>19.02.2016<br>\n<a href=\"http:\/\/www.dialogische-kultur-und-bildung.de\/salonslalom\/termine\/19-2-2016-alle-register-ziehen\/\"><strong>Alle Register ziehen<\/strong><\/a><br>\nPatrick Leidiger<\/p>\n\n\n\n<p>17.01.2016<br>\n<a href=\"http:\/\/www.dialogische-kultur-und-bildung.de\/salonslalom\/termine\/fremd-ist-der-fremde-nur-in-der-fremde\/\"><strong>Fremd ist der Fremde nur in der Fremde<\/strong><\/a><br>\nMathias Fechter und Susanne G\u00f6litzer<\/p>\n\n\n\n<p>9.10.2015<br>\n<a href=\"http:\/\/www.dialogische-kultur-und-bildung.de\/salonslalom\/termine\/die-welt-der-stimmen\/\"><strong>Die Welt der Stimmen<br>\n<\/strong><\/a>Regine Nandzik<\/p>\n\n\n\n<p>12.06.2015<br>\n<a href=\"http:\/\/www.dialogische-kultur-und-bildung.de\/salonslalom\/termine\/wer-hat-angst-vorm-schwarzen-mann-rassismus-im-alltag\/\"><strong>Wer hat Angst vorm schwarzen&nbsp;Mann?<\/strong><\/a><br>\nKatharina Luley und Nadine Schl\u00e4ffke<\/p>\n\n\n\n<p>15.01.2015<br>\n<a href=\"http:\/\/www.dialogische-kultur-und-bildung.de\/salonslalom\/termine\/1573-2\/\"><strong>Den Blick auf die Welt erweitern<\/strong><\/a><br>\nAnnette Ernst und Katinka Feistl<\/p>\n\n\n\n<p>5.12.2014<br>\n<a href=\"http:\/\/www.dialogische-kultur-und-bildung.de\/salonslalom\/archiv\/experimentelle-salonkuche-gemeinsam-kochen-und-essen\/\"><strong>Experimentelle Salonk\u00fcche<br>\n<\/strong><\/a>Susanne, Mathias und Sandra<\/p>\n\n\n\n<p>28.03.2014<br>\n<a href=\"http:\/\/www.dialogische-kultur-und-bildung.de\/salonslalom\/termine\/pub-quiz-6-dezember-2013\/\"><strong>Pub Quiz<\/strong><\/a><br>\nSusanne, Mathias, Sandra und Petra<\/p>\n\n\n\n<p>01.11.2013<br>\n<a href=\"http:\/\/www.dialogische-kultur-und-bildung.de\/salonslalom\/termine\/tischgesellschaft-wofur-es-sich-zu-leben-lohnt-dialog-uber-das-gute-leben\/\"><strong>&#8222;Tischgesellschaft&#8220; Dialog \u00fcber das gute Leben<\/strong><\/a><br>\nMathias Fechter und Susanne G\u00f6litzer<\/p>\n\n\n\n<p>15.06.2013<br>\n<a href=\"http:\/\/www.dialogische-kultur-und-bildung.de\/salonslalom\/archiv\/15-6-2013-nektar-und-ambrosia-das-festmal-der-gotter\/\"><strong>Nektar und Ambrosia &#8211; Das Festmahl der G\u00f6tter<\/strong><\/a><br>\n<a href=\"http:\/\/www.dialogische-kultur-und-bildung.de\/salonslalom\/archiv\/voulas-rezepte-fur-das-festmahl-der-gotter\/\">Rezepte<\/a><br>\nVoula Papadpopolou<\/p>\n\n\n\n<p>15.03.2013<br>\n<a href=\"http:\/\/www.dialogische-kultur-und-bildung.de\/salonslalom\/archiv\/der-babylon-salon-warum-fallt-verstehen-so-schwer\/\"><strong>Der Babylon-Salon<br>\n<\/strong><\/a><a href=\"http:\/\/www.dialogische-kultur-und-bildung.de\/salonslalom\/archiv\/das-stille-post-experiment\/\">Das Stille Post-Experiment<\/a><br>\nEva Schmitt-Lautenschlager, Susanne G\u00f6litzer, Sandra Trauner<\/p>\n\n\n\n<p>25.01.2013<br>\n<a href=\"http:\/\/www.dialogische-kultur-und-bildung.de\/salonslalom\/archiv\/elemente-schwarze-locher-und-der-urknall\/\"><strong>Elemente, schwarze L\u00f6cher und der Urknall<\/strong><\/a><br>\nIngo Peter<\/p>\n\n\n\n<p>07.12.2012<br>\n<strong><a href=\"http:\/\/www.dialogische-kultur-und-bildung.de\/salonslalom\/archiv\/hinter-dem-phanomen-lauert-das-ich-aber-was-kommt-dann\/\">Hinter dem Ph\u00e4nomen lauert das \u2018Ich\u2019, aber was kommt&nbsp;dann?<\/a><br>\n<\/strong>Gerd Doeben-Henisch<strong><br>\n<\/strong><\/p>\n\n\n\n<p>26.10.2012<br>\n<a href=\"http:\/\/www.dialogische-kultur-und-bildung.de\/salonslalom\/archiv\/pecunia-non-olet-geld-stinkt-nicht\/\"><strong>Pecunia non olet \u2013 Geld stinkt nicht<\/strong><\/a><br>\nReiner Henckel<\/p>\n\n\n\n<p>25.08.2012<br>\n<a href=\"http:\/\/www.dialogische-kultur-und-bildung.de\/salonslalom\/archiv\/an-unforgettable-day-in-the-wood\/\"><strong>An unforgettable day in the wood<\/strong><\/a><br>\nMathias Fechter und Susanne G\u00f6litzer<\/p>\n\n\n\n<p>15.06.2012<br>\n<a title=\"\u201eWenn das die L\u00f6sung ist, h\u00e4tte ich gern das Problem&nbsp;zur\u00fcck\u201c\" href=\"http:\/\/www.dialogische-kultur-und-bildung.de\/salonslalom\/archiv\/wenn-das-die-losung-ist-hatte-ich-gern-das-problem-zuruck\/\"><strong>\u201eWenn das die L\u00f6sung ist, h\u00e4tte ich gern das Problem zur\u00fcck\u201c<\/strong><\/a><br>\n<span style=\"color: #ffffff;\">.<\/span>Melanie Wirtz und Sandra Trauner<\/p>\n\n\n\n<p>20.04.2012<br>\n<strong><a href=\"http:\/\/www.dialogische-kultur-und-bildung.de\/salonslalom\/archiv\/typen-und-temperamente\/\">Typen und Temperamente<\/a><br>\n<\/strong>Ralph Nelius<\/p>\n\n\n\n<p>09.03.2012<br>\n<a href=\"http:\/\/www.dialogische-kultur-und-bildung.de\/salonslalom\/archiv\/kapitalismuskritik-in-tschechischen-marchenfilmen\/\"><strong>Ahoi Genossin M\u00e4rchenbraut<\/strong><\/a><a href=\"http:\/\/salonslalom.wordpress.com\/archiv\/kapitalismuskritik-in-tschechischen-marchenfilmen\/\"><strong><br>\n<\/strong><\/a>Thomas Kunz und Norbert Kresse<\/p>\n\n\n\n<p>20.01.2012<br>\n<strong><a title=\"Fremdsch\u00e4men: der soziale Phantomschmerz\" href=\"http:\/\/www.dialogische-kultur-und-bildung.de\/salonslalom\/archiv\/fremdschamen-der-soziale-phantomschmerz\/\">Fremdsch\u00e4men: der soziale Phantomschmerz<br>\n<\/a><\/strong>Sandra Trauner und Michael Hefele<\/p>\n\n\n\n<p>09.12.2011<br>\n<a href=\"http:\/\/www.dialogische-kultur-und-bildung.de\/salonslalom\/archiv\/die-zukunft-der-vergangenheit\/\"><strong>Die Zukunft der Vergangenheit<\/strong><br>\n<\/a>Gregor Honsel<\/p>\n\n\n\n<p>04.11.2011<br>\n<a href=\"http:\/\/www.dialogische-kultur-und-bildung.de\/salonslalom\/archiv\/alles-fliest-stream-of-consciousness\/\"><strong>Alles flie\u00dft &#8211; Stream of Consciousness<\/strong><\/a><span style=\"color: #ffffff;\">.<br>\n<\/span>Susanne G\u00f6litzer, Mathias Fechter<\/p>\n\n\n\n<p>Alle fr\u00fcheren Veranstaltungen des Salon Slalom sind <a href=\"http:\/\/www.lunapark64.de\/index.php?id=368\" target=\"_blank\" rel=\"noopener noreferrer\">hier<\/a> zu finden.<\/p>\n\n\n\n<p><\/p>\n\n\n\n<p><\/p>\n","protected":false},"excerpt":{"rendered":"<p>07.06.2024Paarungen und Mixturen \u2013 Literatur im Gespr\u00e4chDerk Frerichs, Susanne G\u00f6litzer und Andreas Heckmann 19.01.2024 Eine Stadt f\u00fcr alle \u2013 oder doch nicht? Wie Armut und Wohnungsnot die Gesellschaft herausfordern.Eske Hicken und Petra Kirchhoff 01.12.2023 Wie D\u00fcfte unser Leben bestimmen \u2013 &hellip; <a href=\"http:\/\/www.dialogische-kultur-und-bildung.de\/salonslalom\/archiv\/\">Weiterlesen <span class=\"meta-nav\">&rarr;<\/span><\/a><\/p>\n","protected":false},"author":1,"featured_media":0,"parent":0,"menu_order":4,"comment_status":"closed","ping_status":"closed","template":"","meta":{"footnotes":""},"class_list":["post-36","page","type-page","status-publish","hentry"],"_links":{"self":[{"href":"http:\/\/www.dialogische-kultur-und-bildung.de\/salonslalom\/wp-json\/wp\/v2\/pages\/36","targetHints":{"allow":["GET"]}}],"collection":[{"href":"http:\/\/www.dialogische-kultur-und-bildung.de\/salonslalom\/wp-json\/wp\/v2\/pages"}],"about":[{"href":"http:\/\/www.dialogische-kultur-und-bildung.de\/salonslalom\/wp-json\/wp\/v2\/types\/page"}],"author":[{"embeddable":true,"href":"http:\/\/www.dialogische-kultur-und-bildung.de\/salonslalom\/wp-json\/wp\/v2\/users\/1"}],"replies":[{"embeddable":true,"href":"http:\/\/www.dialogische-kultur-und-bildung.de\/salonslalom\/wp-json\/wp\/v2\/comments?post=36"}],"version-history":[{"count":41,"href":"http:\/\/www.dialogische-kultur-und-bildung.de\/salonslalom\/wp-json\/wp\/v2\/pages\/36\/revisions"}],"predecessor-version":[{"id":3758,"href":"http:\/\/www.dialogische-kultur-und-bildung.de\/salonslalom\/wp-json\/wp\/v2\/pages\/36\/revisions\/3758"}],"wp:attachment":[{"href":"http:\/\/www.dialogische-kultur-und-bildung.de\/salonslalom\/wp-json\/wp\/v2\/media?parent=36"}],"curies":[{"name":"wp","href":"https:\/\/api.w.org\/{rel}","templated":true}]}}