{"id":3462,"date":"2021-09-09T09:03:57","date_gmt":"2021-09-09T09:03:57","guid":{"rendered":"http:\/\/www.dialogische-kultur-und-bildung.de\/salonslalom\/?page_id=3462"},"modified":"2021-09-09T09:22:00","modified_gmt":"2021-09-09T09:22:00","slug":"musik-liebe-tod","status":"publish","type":"page","link":"http:\/\/www.dialogische-kultur-und-bildung.de\/salonslalom\/termine\/musik-liebe-tod\/","title":{"rendered":"Musik, Liebe, Tod"},"content":{"rendered":"\n<p class=\"has-medium-font-size\"><strong>Orpheus in der Oper und im Leben<\/strong><\/p>\n\n\n\n<figure class=\"wp-block-image size-full\"><a href=\"http:\/\/www.dialogische-kultur-und-bildung.de\/salonslalom\/wp-content\/uploads\/2021\/09\/ruthzetsche.webp\"><img loading=\"lazy\" decoding=\"async\" width=\"850\" height=\"398\" src=\"http:\/\/www.dialogische-kultur-und-bildung.de\/salonslalom\/wp-content\/uploads\/2021\/09\/ruthzetsche.webp\" alt=\"\" class=\"wp-image-3461\" srcset=\"http:\/\/www.dialogische-kultur-und-bildung.de\/salonslalom\/wp-content\/uploads\/2021\/09\/ruthzetsche.webp 850w, http:\/\/www.dialogische-kultur-und-bildung.de\/salonslalom\/wp-content\/uploads\/2021\/09\/ruthzetsche-300x140.webp 300w, http:\/\/www.dialogische-kultur-und-bildung.de\/salonslalom\/wp-content\/uploads\/2021\/09\/ruthzetsche-768x360.webp 768w, http:\/\/www.dialogische-kultur-und-bildung.de\/salonslalom\/wp-content\/uploads\/2021\/09\/ruthzetsche-500x234.webp 500w\" sizes=\"auto, (max-width: 850px) 100vw, 850px\" \/><\/a><\/figure>\n\n\n\n<p>Wir laden Euch ein zur zweiten Veranstaltung unserer Sommer-Reihe <strong>\u201eKomm! Ins Offene, Freund und Freundin!\u201c<\/strong> Diesmal nicht nur in einem sch\u00f6nen Garten, sondern auch mit Musik.<\/p>\n\n\n\n<p>Jeder von uns kennt eine S\u00e4ngerstimme, die ihm so zu Herzen geht, ihn so tief ber\u00fchrt, dass er sie h\u00f6ren m\u00f6chte &#8211; um sich im Kummer zu tr\u00f6sten oder an der Freude zu berauschen. Die Erfahrung dieser besonderen Ber\u00fchrbarkeit hat eine Gestalt: die Figur des S\u00e4nger Orpheus, der mit seinem Gesang Menschen, Tiere, ja sogar Pflanzen r\u00fchrte.<\/p>\n\n\n\n<p>Die S\u00e4ngerin <strong>Ruth Zetzsche<\/strong> stellt den Mythos vor und vier Opern, die diesen Stoff zum Inhalt haben: von Monteverdi, Telemann, Gluck und Offenbach. Sie zeigt Gemeinsamkeiten und Unterschiede auf und erkl\u00e4rt, wie sich das Sujet im Lauf der Jahrhunderte wandelte.<\/p>\n\n\n\n<p>Wie immer wollen wir danach in die Diskussion kommen. Wir fragen nach dem Verh\u00e4ltnis von Wort und Ton im Musiktheater, nach Liebe und Moral und nach der Rolle der Geschlechter auf der B\u00fchne und im Leben.<\/p>\n\n\n\n<p><strong>Musik, Liebe, Tod \u2013 Orpheus in der Oper und im Leben<br>Termin: Freitag, 24. September 2021, 18.30 Uhr<br>Ort: &#8222;Orpheus Garten&#8220; in Nieder-Eschbach, Frankfurt<\/strong><\/p>\n\n\n\n<p>Es wird Brezel, Wasser und guten Wein geben. Falls es regnet, sitzen wir unter einem sch\u00fctzenden Zeltdach.<\/p>\n\n\n\n<p>Bitte meldet Euch <a href=\"http:\/\/www.dialogische-kultur-und-bildung.de\/salonslalom\/anmeldung\/\" data-type=\"page\" data-id=\"129\">hier<\/a> an. Nach der Anmeldung erhaltet Ihr genauere Informationen und eine Wegbeschreibung zum Ort der Veranstaltung.<\/p>\n","protected":false},"excerpt":{"rendered":"<p>Orpheus in der Oper und im Leben Wir laden Euch ein zur zweiten Veranstaltung unserer Sommer-Reihe \u201eKomm! Ins Offene, Freund und Freundin!\u201c Diesmal nicht nur in einem sch\u00f6nen Garten, sondern auch mit Musik. Jeder von uns kennt eine S\u00e4ngerstimme, die &hellip; <a href=\"http:\/\/www.dialogische-kultur-und-bildung.de\/salonslalom\/termine\/musik-liebe-tod\/\">Weiterlesen <span class=\"meta-nav\">&rarr;<\/span><\/a><\/p>\n","protected":false},"author":1,"featured_media":0,"parent":8,"menu_order":0,"comment_status":"closed","ping_status":"closed","template":"","meta":{"footnotes":""},"class_list":["post-3462","page","type-page","status-publish","hentry"],"_links":{"self":[{"href":"http:\/\/www.dialogische-kultur-und-bildung.de\/salonslalom\/wp-json\/wp\/v2\/pages\/3462","targetHints":{"allow":["GET"]}}],"collection":[{"href":"http:\/\/www.dialogische-kultur-und-bildung.de\/salonslalom\/wp-json\/wp\/v2\/pages"}],"about":[{"href":"http:\/\/www.dialogische-kultur-und-bildung.de\/salonslalom\/wp-json\/wp\/v2\/types\/page"}],"author":[{"embeddable":true,"href":"http:\/\/www.dialogische-kultur-und-bildung.de\/salonslalom\/wp-json\/wp\/v2\/users\/1"}],"replies":[{"embeddable":true,"href":"http:\/\/www.dialogische-kultur-und-bildung.de\/salonslalom\/wp-json\/wp\/v2\/comments?post=3462"}],"version-history":[{"count":4,"href":"http:\/\/www.dialogische-kultur-und-bildung.de\/salonslalom\/wp-json\/wp\/v2\/pages\/3462\/revisions"}],"predecessor-version":[{"id":3472,"href":"http:\/\/www.dialogische-kultur-und-bildung.de\/salonslalom\/wp-json\/wp\/v2\/pages\/3462\/revisions\/3472"}],"up":[{"embeddable":true,"href":"http:\/\/www.dialogische-kultur-und-bildung.de\/salonslalom\/wp-json\/wp\/v2\/pages\/8"}],"wp:attachment":[{"href":"http:\/\/www.dialogische-kultur-und-bildung.de\/salonslalom\/wp-json\/wp\/v2\/media?parent=3462"}],"curies":[{"name":"wp","href":"https:\/\/api.w.org\/{rel}","templated":true}]}}