{"id":3418,"date":"2021-04-23T14:47:13","date_gmt":"2021-04-23T14:47:13","guid":{"rendered":"http:\/\/www.dialogische-kultur-und-bildung.de\/salonslalom\/?page_id=3418"},"modified":"2021-04-23T16:39:37","modified_gmt":"2021-04-23T16:39:37","slug":"die-ausserdeutsche-grenze","status":"publish","type":"page","link":"http:\/\/www.dialogische-kultur-und-bildung.de\/salonslalom\/termine\/die-ausserdeutsche-grenze\/","title":{"rendered":"Die au\u00dferdeutsche Grenze"},"content":{"rendered":"\n<p class=\"has-medium-font-size\"><strong>Die Lust am \u00dcberschreiten und Einhalten<\/strong><\/p>\n\n\n\n<div class=\"wp-block-image\"><figure class=\"aligncenter size-large\"><img loading=\"lazy\" decoding=\"async\" width=\"630\" height=\"309\" src=\"http:\/\/www.dialogische-kultur-und-bildung.de\/salonslalom\/wp-content\/uploads\/2021\/04\/grenze.jpg\" alt=\"\" class=\"wp-image-3419\" srcset=\"http:\/\/www.dialogische-kultur-und-bildung.de\/salonslalom\/wp-content\/uploads\/2021\/04\/grenze.jpg 630w, http:\/\/www.dialogische-kultur-und-bildung.de\/salonslalom\/wp-content\/uploads\/2021\/04\/grenze-300x147.jpg 300w, http:\/\/www.dialogische-kultur-und-bildung.de\/salonslalom\/wp-content\/uploads\/2021\/04\/grenze-500x245.jpg 500w\" sizes=\"auto, (max-width: 630px) 100vw, 630px\" \/><figcaption><sup>\u00a9 Charlotte B\u00f6hmer<\/sup><\/figcaption><\/figure><\/div>\n\n\n\n<p>Die au\u00dferdeutsche Grenze ist 3.876 km lang und schon 75 Jahre alt. Anders als die innerdeutsche Grenze war sie Jahre lang kaum der Rede wert. Erst mit dem Fl\u00fcchtlingszustrom und der Coronakrise kommt sie uns wieder schmerzlich ins Bewusstsein.<\/p>\n\n\n\n<p>Charlotte B\u00f6hmer hat f\u00fcnf Jahre lang die Grenze um Deutschland immer wieder bereist &#8211; per F\u00e4hre von R\u00f8m\u00f8 nach Sylt, per Fahrrad vom Bodensee nach Basel, auf Schusters Rappen durch den B\u00f6hmerwald, per Seilbahn auf die Zugspitze.<\/p>\n\n\n\n<p>Wir begleiten sie auf ihrer Reise und beim Entstehen ihres Forschungsprojekts. Dabei geht es um weit mehr als Geografie &#8211; zum Beispiel, um die Frage, ob Grenzen gut oder schlecht sind. Auf der Landkarte scheint die Linie eindeutig, aber wie weit reicht eine Grenze ins Erdinnere oder in den Luftraum und woher wissen die Fische im Meer welche Nationalit\u00e4t sie haben?<\/p>\n\n\n\n<p><strong>Die au\u00dferdeutsche Grenze &#8211; <br>Die Lust am \u00dcberschreiten und Einhalten<br>Freitag, 07. Mai 2021, 19:00 Uhr<\/strong><\/p>\n\n\n\n<p>Bildreise, R\u00e4tsel und Diskussion, eine Online-Veranstaltung via Zoom mit <strong>Charlotte B\u00f6hmer<\/strong>.<\/p>\n\n\n\n<p>Bitte meldet Euch <a href=\"http:\/\/www.dialogische-kultur-und-bildung.de\/salonslalom\/anmeldung\/\" data-type=\"page\" data-id=\"129\">hier<\/a> an. Wir lassen Euch dann die Zugangsdaten zukommen.<\/p>\n","protected":false},"excerpt":{"rendered":"<p>Die Lust am \u00dcberschreiten und Einhalten Die au\u00dferdeutsche Grenze ist 3.876 km lang und schon 75 Jahre alt. Anders als die innerdeutsche Grenze war sie Jahre lang kaum der Rede wert. Erst mit dem Fl\u00fcchtlingszustrom und der Coronakrise kommt sie &hellip; <a href=\"http:\/\/www.dialogische-kultur-und-bildung.de\/salonslalom\/termine\/die-ausserdeutsche-grenze\/\">Weiterlesen <span class=\"meta-nav\">&rarr;<\/span><\/a><\/p>\n","protected":false},"author":1,"featured_media":0,"parent":8,"menu_order":0,"comment_status":"closed","ping_status":"closed","template":"","meta":{"footnotes":""},"class_list":["post-3418","page","type-page","status-publish","hentry"],"_links":{"self":[{"href":"http:\/\/www.dialogische-kultur-und-bildung.de\/salonslalom\/wp-json\/wp\/v2\/pages\/3418","targetHints":{"allow":["GET"]}}],"collection":[{"href":"http:\/\/www.dialogische-kultur-und-bildung.de\/salonslalom\/wp-json\/wp\/v2\/pages"}],"about":[{"href":"http:\/\/www.dialogische-kultur-und-bildung.de\/salonslalom\/wp-json\/wp\/v2\/types\/page"}],"author":[{"embeddable":true,"href":"http:\/\/www.dialogische-kultur-und-bildung.de\/salonslalom\/wp-json\/wp\/v2\/users\/1"}],"replies":[{"embeddable":true,"href":"http:\/\/www.dialogische-kultur-und-bildung.de\/salonslalom\/wp-json\/wp\/v2\/comments?post=3418"}],"version-history":[{"count":6,"href":"http:\/\/www.dialogische-kultur-und-bildung.de\/salonslalom\/wp-json\/wp\/v2\/pages\/3418\/revisions"}],"predecessor-version":[{"id":3434,"href":"http:\/\/www.dialogische-kultur-und-bildung.de\/salonslalom\/wp-json\/wp\/v2\/pages\/3418\/revisions\/3434"}],"up":[{"embeddable":true,"href":"http:\/\/www.dialogische-kultur-und-bildung.de\/salonslalom\/wp-json\/wp\/v2\/pages\/8"}],"wp:attachment":[{"href":"http:\/\/www.dialogische-kultur-und-bildung.de\/salonslalom\/wp-json\/wp\/v2\/media?parent=3418"}],"curies":[{"name":"wp","href":"https:\/\/api.w.org\/{rel}","templated":true}]}}