{"id":3396,"date":"2021-03-13T12:23:23","date_gmt":"2021-03-13T12:23:23","guid":{"rendered":"http:\/\/www.dialogische-kultur-und-bildung.de\/salonslalom\/?page_id=3396"},"modified":"2021-03-13T12:23:23","modified_gmt":"2021-03-13T12:23:23","slug":"wir-retten-die-welt","status":"publish","type":"page","link":"http:\/\/www.dialogische-kultur-und-bildung.de\/salonslalom\/termine\/wir-retten-die-welt\/","title":{"rendered":"Wir retten die Welt"},"content":{"rendered":"\n<div class=\"wp-block-image\"><figure class=\"alignleft size-large\"><img loading=\"lazy\" decoding=\"async\" width=\"820\" height=\"386\" src=\"http:\/\/www.dialogische-kultur-und-bildung.de\/salonslalom\/wp-content\/uploads\/2021\/03\/universe.jpg\" alt=\"\" class=\"wp-image-3395\" srcset=\"http:\/\/www.dialogische-kultur-und-bildung.de\/salonslalom\/wp-content\/uploads\/2021\/03\/universe.jpg 820w, http:\/\/www.dialogische-kultur-und-bildung.de\/salonslalom\/wp-content\/uploads\/2021\/03\/universe-300x141.jpg 300w, http:\/\/www.dialogische-kultur-und-bildung.de\/salonslalom\/wp-content\/uploads\/2021\/03\/universe-768x362.jpg 768w, http:\/\/www.dialogische-kultur-und-bildung.de\/salonslalom\/wp-content\/uploads\/2021\/03\/universe-500x235.jpg 500w\" sizes=\"auto, (max-width: 820px) 100vw, 820px\" \/><figcaption><sup>Bild von <a rel=\"noreferrer noopener\" href=\"https:\/\/pixabay.com\/de\/users\/geralt-9301\/?utm_source=link-attribution&amp;utm_medium=referral&amp;utm_campaign=image&amp;utm_content=2742113\" target=\"_blank\">Gerd Altmann<\/a> auf <a rel=\"noreferrer noopener\" href=\"https:\/\/pixabay.com\/de\/?utm_source=link-attribution&amp;utm_medium=referral&amp;utm_campaign=image&amp;utm_content=2742113\" target=\"_blank\">Pixabay<\/a><\/sup><\/figcaption><\/figure><\/div>\n\n\n\n<p>Au\u00dferirdische sind auf dem Weg zur Erde. Und sie kommen nicht als Freunde. Die Menschheit steht vor der Vernichtung. Wir haben 400 Jahre Zeit bis zu ihrer Ankunft. Was tun wir?<\/p>\n\n\n\n<p>Wir laden Euch ein, mit uns zusammen die Welt zu retten. Ideengeber f\u00fcr unsere Spielanordnung ist die Trisolaris-Trilogie des chinesischen Science-Fiction-Autors Cixin Liu, die nicht nur US-Pr\u00e4sident Barack Obama begeistert hat, sondern auch ein Millionenpublikum in aller Welt.<\/p>\n\n\n\n<p>Zu Gast ist Cixin Lius deutsche \u00dcbersetzerin, Karin Betz. Sie beherrscht sieben Sprachen und kennt nicht nur die Literatur dieses Landes wie nur wenige, sie hat auch l\u00e4ngere Zeit in China und andern asiatischen L\u00e4ndern gelebt. Mit Nan Nan wird sich erg\u00e4nzend eine Muttersprachlerin zuschalten.<\/p>\n\n\n\n<p>Wir fragen Karin Betz, ob chinesische Science-Fiction anders ist als Vertreter dieses Genres in westlichen L\u00e4ndern, ob sich die umfangreichen Werke Cixin Lius politisch interpretieren lassen und was uns der Blick aus China in den Weltraum \u00fcber die Zukunft und die Gegenwart dieses Landes verraten.<\/p>\n\n\n\n<p>Es ist der vorerst letzte Termin in unserer vierzehnt\u00e4glichen Reihe Salon Slalom Special. Nicht verpassen!<\/p>\n\n\n\n<p><strong>Wir retten die Welt<br><\/strong>mit <strong>Karin Betz, Nan Nan<\/strong> und den B\u00fcchern von <strong>Cixin Liu<\/strong><\/p>\n\n\n\n<p><strong>Freitag, 26. M\u00e4rz 2021, 19:00 Uhr<\/strong><\/p>\n\n\n\n<p><a href=\"http:\/\/www.dialogische-kultur-und-bildung.de\/salonslalom\/anmeldung\/\" data-type=\"page\" data-id=\"129\">Bitte meldet Euch wie gewohnt an.<\/a><\/p>\n\n\n\n<p>Es handelt sich um eine Online-Veranstaltung via Zoom. Nach der Anmeldung schicken wir Euch die Zugangsdaten zu. Die Veranstaltung wird aufgezeichnet.<\/p>\n","protected":false},"excerpt":{"rendered":"<p>Au\u00dferirdische sind auf dem Weg zur Erde. Und sie kommen nicht als Freunde. Die Menschheit steht vor der Vernichtung. Wir haben 400 Jahre Zeit bis zu ihrer Ankunft. Was tun wir? Wir laden Euch ein, mit uns zusammen die Welt &hellip; <a href=\"http:\/\/www.dialogische-kultur-und-bildung.de\/salonslalom\/termine\/wir-retten-die-welt\/\">Weiterlesen <span class=\"meta-nav\">&rarr;<\/span><\/a><\/p>\n","protected":false},"author":1,"featured_media":0,"parent":8,"menu_order":0,"comment_status":"closed","ping_status":"closed","template":"","meta":{"footnotes":""},"class_list":["post-3396","page","type-page","status-publish","hentry"],"_links":{"self":[{"href":"http:\/\/www.dialogische-kultur-und-bildung.de\/salonslalom\/wp-json\/wp\/v2\/pages\/3396","targetHints":{"allow":["GET"]}}],"collection":[{"href":"http:\/\/www.dialogische-kultur-und-bildung.de\/salonslalom\/wp-json\/wp\/v2\/pages"}],"about":[{"href":"http:\/\/www.dialogische-kultur-und-bildung.de\/salonslalom\/wp-json\/wp\/v2\/types\/page"}],"author":[{"embeddable":true,"href":"http:\/\/www.dialogische-kultur-und-bildung.de\/salonslalom\/wp-json\/wp\/v2\/users\/1"}],"replies":[{"embeddable":true,"href":"http:\/\/www.dialogische-kultur-und-bildung.de\/salonslalom\/wp-json\/wp\/v2\/comments?post=3396"}],"version-history":[{"count":5,"href":"http:\/\/www.dialogische-kultur-und-bildung.de\/salonslalom\/wp-json\/wp\/v2\/pages\/3396\/revisions"}],"predecessor-version":[{"id":3401,"href":"http:\/\/www.dialogische-kultur-und-bildung.de\/salonslalom\/wp-json\/wp\/v2\/pages\/3396\/revisions\/3401"}],"up":[{"embeddable":true,"href":"http:\/\/www.dialogische-kultur-und-bildung.de\/salonslalom\/wp-json\/wp\/v2\/pages\/8"}],"wp:attachment":[{"href":"http:\/\/www.dialogische-kultur-und-bildung.de\/salonslalom\/wp-json\/wp\/v2\/media?parent=3396"}],"curies":[{"name":"wp","href":"https:\/\/api.w.org\/{rel}","templated":true}]}}