{"id":3314,"date":"2021-01-12T14:18:18","date_gmt":"2021-01-12T14:18:18","guid":{"rendered":"http:\/\/www.dialogische-kultur-und-bildung.de\/salonslalom\/?page_id=3314"},"modified":"2021-01-12T14:21:22","modified_gmt":"2021-01-12T14:21:22","slug":"jazz-corona-und-die-kunst-der-improvisation","status":"publish","type":"page","link":"http:\/\/www.dialogische-kultur-und-bildung.de\/salonslalom\/termine\/jazz-corona-und-die-kunst-der-improvisation\/","title":{"rendered":"Jazz, Corona und die Kunst der Improvisation"},"content":{"rendered":"\n<p class=\"has-medium-font-size\"><strong>Jazz-Konzert und Gespr\u00e4ch<\/strong><\/p>\n\n\n\n<figure class=\"wp-block-image size-large\"><img loading=\"lazy\" decoding=\"async\" width=\"630\" height=\"420\" src=\"http:\/\/www.dialogische-kultur-und-bildung.de\/salonslalom\/wp-content\/uploads\/2021\/01\/Lacour_Bayrak.jpg\" alt=\"\" class=\"wp-image-3315\" srcset=\"http:\/\/www.dialogische-kultur-und-bildung.de\/salonslalom\/wp-content\/uploads\/2021\/01\/Lacour_Bayrak.jpg 630w, http:\/\/www.dialogische-kultur-und-bildung.de\/salonslalom\/wp-content\/uploads\/2021\/01\/Lacour_Bayrak-300x200.jpg 300w, http:\/\/www.dialogische-kultur-und-bildung.de\/salonslalom\/wp-content\/uploads\/2021\/01\/Lacour_Bayrak-450x300.jpg 450w\" sizes=\"auto, (max-width: 630px) 100vw, 630px\" \/><\/figure>\n\n\n\n<p>In pandemischen Zeiten erscheinen Menschen, die improvisieren k\u00f6nnen, im Vorteil: Sie k\u00f6nnen sich auf unterschiedliche Bedingungen leichter einstellen und finden sich in verschiedenen Lebenslagen zurecht. Kann man das lernen?<\/p>\n\n\n\n<p>Wir m\u00f6chten gerne zwei Musikern beim Improvisieren zuh\u00f6ren und sie zu ihrem Spiel befragen. Ihre Improvisation erscheint leicht und locker, das Zusammenspiel wirkt selbstverst\u00e4ndlich und phantasievoll. Wie schaffen sie das? Savas Bayrak und Jean Philippe Lacour unterhalten sich musikalisch und wir d\u00fcrfen ihnen dabei zuh\u00f6ren. Gemeinsam gehen wir der Frage nach, was die Kunst der Improvisation ausmacht und wie wir sie wom\u00f6glich auch in Zeiten wie diesen f\u00fcr uns nutzen k\u00f6nnen.<\/p>\n\n\n\n<p>Wir laden zum Salon Slalom am <strong>29. Januar 2021, um 19:00 Uhr<\/strong> mit <strong>Savas Bayrak (Saxophon)<\/strong> und <strong>Jean-Philippe Lacour (Schlagzeug)<\/strong>.<\/p>\n\n\n\n<p>Konzert und Gespr\u00e4ch \u00fcber das gemeinsame Spiel im Jazz. Die Musiker spielen, das Publikum sitzt auf dem heimischen Sofa oder Sessel. F\u00fcr den guten Wein ist jeder selbst verantwortlich. Online-Veranstaltung mit Zoom.<\/p>\n\n\n\n<p><a href=\"http:\/\/www.dialogische-kultur-und-bildung.de\/salonslalom\/anmeldung\/\" data-type=\"page\" data-id=\"129\">Bitte meldet Euch hier an.<\/a> Wir lassen Euch dann die Zugangsdaten zukommen.<\/p>\n","protected":false},"excerpt":{"rendered":"<p>Jazz-Konzert und Gespr\u00e4ch In pandemischen Zeiten erscheinen Menschen, die improvisieren k\u00f6nnen, im Vorteil: Sie k\u00f6nnen sich auf unterschiedliche Bedingungen leichter einstellen und finden sich in verschiedenen Lebenslagen zurecht. Kann man das lernen? Wir m\u00f6chten gerne zwei Musikern beim Improvisieren zuh\u00f6ren &hellip; <a href=\"http:\/\/www.dialogische-kultur-und-bildung.de\/salonslalom\/termine\/jazz-corona-und-die-kunst-der-improvisation\/\">Weiterlesen <span class=\"meta-nav\">&rarr;<\/span><\/a><\/p>\n","protected":false},"author":1,"featured_media":0,"parent":8,"menu_order":0,"comment_status":"closed","ping_status":"closed","template":"","meta":{"footnotes":""},"class_list":["post-3314","page","type-page","status-publish","hentry"],"_links":{"self":[{"href":"http:\/\/www.dialogische-kultur-und-bildung.de\/salonslalom\/wp-json\/wp\/v2\/pages\/3314","targetHints":{"allow":["GET"]}}],"collection":[{"href":"http:\/\/www.dialogische-kultur-und-bildung.de\/salonslalom\/wp-json\/wp\/v2\/pages"}],"about":[{"href":"http:\/\/www.dialogische-kultur-und-bildung.de\/salonslalom\/wp-json\/wp\/v2\/types\/page"}],"author":[{"embeddable":true,"href":"http:\/\/www.dialogische-kultur-und-bildung.de\/salonslalom\/wp-json\/wp\/v2\/users\/1"}],"replies":[{"embeddable":true,"href":"http:\/\/www.dialogische-kultur-und-bildung.de\/salonslalom\/wp-json\/wp\/v2\/comments?post=3314"}],"version-history":[{"count":2,"href":"http:\/\/www.dialogische-kultur-und-bildung.de\/salonslalom\/wp-json\/wp\/v2\/pages\/3314\/revisions"}],"predecessor-version":[{"id":3318,"href":"http:\/\/www.dialogische-kultur-und-bildung.de\/salonslalom\/wp-json\/wp\/v2\/pages\/3314\/revisions\/3318"}],"up":[{"embeddable":true,"href":"http:\/\/www.dialogische-kultur-und-bildung.de\/salonslalom\/wp-json\/wp\/v2\/pages\/8"}],"wp:attachment":[{"href":"http:\/\/www.dialogische-kultur-und-bildung.de\/salonslalom\/wp-json\/wp\/v2\/media?parent=3314"}],"curies":[{"name":"wp","href":"https:\/\/api.w.org\/{rel}","templated":true}]}}