{"id":3065,"date":"2018-12-20T09:16:37","date_gmt":"2018-12-20T09:16:37","guid":{"rendered":"http:\/\/www.dialogische-kultur-und-bildung.de\/salonslalom\/?page_id=3065"},"modified":"2019-02-11T20:52:47","modified_gmt":"2019-02-11T20:52:47","slug":"der-exot-vor-der-haustuer","status":"publish","type":"page","link":"http:\/\/www.dialogische-kultur-und-bildung.de\/salonslalom\/archiv\/der-exot-vor-der-haustuer\/","title":{"rendered":"Der Exot vor der Haust\u00fcr"},"content":{"rendered":"<p><img loading=\"lazy\" decoding=\"async\" class=\"alignnone size-full wp-image-3075\" src=\"http:\/\/www.dialogische-kultur-und-bildung.de\/salonslalom\/wp-content\/uploads\/2018\/12\/salon_orchideen.jpg\" alt=\"\" width=\"600\" height=\"400\" srcset=\"http:\/\/www.dialogische-kultur-und-bildung.de\/salonslalom\/wp-content\/uploads\/2018\/12\/salon_orchideen.jpg 600w, http:\/\/www.dialogische-kultur-und-bildung.de\/salonslalom\/wp-content\/uploads\/2018\/12\/salon_orchideen-300x200.jpg 300w, http:\/\/www.dialogische-kultur-und-bildung.de\/salonslalom\/wp-content\/uploads\/2018\/12\/salon_orchideen-450x300.jpg 450w\" sizes=\"auto, (max-width: 600px) 100vw, 600px\" \/><\/p>\n<p>Orchideen f\u00fcr&#8217;s Fensterbrett sind domestizierte Gesandte einer tropischen Pflanzenwelt, von Z\u00fcchtern zu immer neuen Bl\u00fctenformen getrieben. Dabei wachsen Orchideen auch gleich vor der Haust\u00fcr in Frankfurt. Mit dem Klimawandel streben sie nordw\u00e4rts. Warum die Bildung neuer Arten noch nicht abgeschlossen ist und wie es sich anf\u00fchlt, Augenzeuge der Evolution zu sein, berichtet der Hobby-Botaniker Peter Zschunke mit Bildern von Bergen-Enkheim bis zur Krim.<\/p>\n<p><strong>Freitag, 1. Februar 2019, 18.00 Uhr<\/strong><\/p>\n<p><strong>Caf\u00e9 Coocoo in der G\u00e4rtnerei Klumpen<\/strong><br \/>\n<strong>Dortelweiler Str. 87<\/strong><br \/>\n<strong>60389 Frankfurt-Bornheim<\/strong><\/p>\n<p>Achtung: Der Salon beginnt diesmal eine Stunde fr\u00fcher als sonst!<\/p>\n<p><strong>Beginn mit Essen: 18.00 Uhr<\/strong> (nicht 19.00 Uhr)<br \/>\n<strong>Beginn des Vortrags: 19.00 Uhr<\/strong> (nicht 20.00 Uhr)<\/p>\n<p>Das Cafe liegt am Ende des Kleingarten-Wegs oberhalb des G\u00fcnthersburgparks und unterhalb des Bornheimer Friedhofs. Bus 34 h\u00e4lt vor der Haust\u00fcre.<\/p>\n<p><a href=\"http:\/\/www.cafecoocoo.de\/\" target=\"_blank\" rel=\"noopener\">http:\/\/www.cafecoocoo.de\/<\/a><\/p>\n<p>Das Team vom Caf\u00e9 Coocoo bietet uns folgende Speisen zur Auswahl an:<\/p>\n<p>K\u00fcrbis &#8211; Apfel Suppe mit Ingwer &#8211; 6,40 \u20ac<br \/>\nAyurvedischer Gem\u00fcse Teller &#8211; 13,90 \u20ac<br \/>\nSchafsk\u00e4se auf Gem\u00fcse-Beet &#8211; 12,90 \u20ac<\/p>\n<p>Bitte meldet Euch wie gewohnt zum Salon an: <a href=\"http:\/\/www.dialogische-kultur-und-bildung.de\/salonslalom\/anmeldung\/\">Anmeldung<\/a><\/p>\n<p>Wer mit uns essen m\u00f6chte, m\u00fcsste bitte dazuschreiben, welches Gericht er haben will. Letzte Chance f\u00fcr Essensbestellungen ist Sonntag, 27. Januar 2019.<\/p>\n<p><em>\u00a9 Foto: Peter Zschunke<\/em><\/p>\n","protected":false},"excerpt":{"rendered":"<p>Orchideen f\u00fcr&#8217;s Fensterbrett sind domestizierte Gesandte einer tropischen Pflanzenwelt, von Z\u00fcchtern zu immer neuen Bl\u00fctenformen getrieben. Dabei wachsen Orchideen auch gleich vor der Haust\u00fcr in Frankfurt. Mit dem Klimawandel streben sie nordw\u00e4rts. Warum die Bildung neuer Arten noch nicht abgeschlossen &hellip; <a href=\"http:\/\/www.dialogische-kultur-und-bildung.de\/salonslalom\/archiv\/der-exot-vor-der-haustuer\/\">Weiterlesen <span class=\"meta-nav\">&rarr;<\/span><\/a><\/p>\n","protected":false},"author":1,"featured_media":0,"parent":36,"menu_order":0,"comment_status":"closed","ping_status":"closed","template":"","meta":{"footnotes":""},"class_list":["post-3065","page","type-page","status-publish","hentry"],"_links":{"self":[{"href":"http:\/\/www.dialogische-kultur-und-bildung.de\/salonslalom\/wp-json\/wp\/v2\/pages\/3065","targetHints":{"allow":["GET"]}}],"collection":[{"href":"http:\/\/www.dialogische-kultur-und-bildung.de\/salonslalom\/wp-json\/wp\/v2\/pages"}],"about":[{"href":"http:\/\/www.dialogische-kultur-und-bildung.de\/salonslalom\/wp-json\/wp\/v2\/types\/page"}],"author":[{"embeddable":true,"href":"http:\/\/www.dialogische-kultur-und-bildung.de\/salonslalom\/wp-json\/wp\/v2\/users\/1"}],"replies":[{"embeddable":true,"href":"http:\/\/www.dialogische-kultur-und-bildung.de\/salonslalom\/wp-json\/wp\/v2\/comments?post=3065"}],"version-history":[{"count":5,"href":"http:\/\/www.dialogische-kultur-und-bildung.de\/salonslalom\/wp-json\/wp\/v2\/pages\/3065\/revisions"}],"predecessor-version":[{"id":3117,"href":"http:\/\/www.dialogische-kultur-und-bildung.de\/salonslalom\/wp-json\/wp\/v2\/pages\/3065\/revisions\/3117"}],"up":[{"embeddable":true,"href":"http:\/\/www.dialogische-kultur-und-bildung.de\/salonslalom\/wp-json\/wp\/v2\/pages\/36"}],"wp:attachment":[{"href":"http:\/\/www.dialogische-kultur-und-bildung.de\/salonslalom\/wp-json\/wp\/v2\/media?parent=3065"}],"curies":[{"name":"wp","href":"https:\/\/api.w.org\/{rel}","templated":true}]}}