{"id":2708,"date":"2018-09-08T16:08:11","date_gmt":"2018-09-08T16:08:11","guid":{"rendered":"http:\/\/www.dialogische-kultur-und-bildung.de\/salonslalom\/?page_id=2708"},"modified":"2024-12-22T15:58:36","modified_gmt":"2024-12-22T15:58:36","slug":"galerie-2","status":"publish","type":"page","link":"http:\/\/www.dialogische-kultur-und-bildung.de\/salonslalom\/galerie-2\/","title":{"rendered":"Galerie"},"content":{"rendered":"<p>01.09.2024<br \/><a href=\"http:\/\/www.dialogische-kultur-und-bildung.de\/salonslalom\/galerie-2\/was-der-wald-in-uns-weckt-suesse-sehnsucht\/\"><strong>Was der Wald in uns weckt \u2013 S\u00fc\u00dfe Sehnsucht<\/strong><\/a><br \/>Playback-Theater &#8222;Treibgut&#8220; und Mathias Fechter<\/p>\n<p>07.06.2024<br \/><a href=\"http:\/\/www.dialogische-kultur-und-bildung.de\/salonslalom\/galerie-2\/3775-2\/\"><strong>Paarungen und Mixturen \u2013 Literatur im Gespr\u00e4ch<\/strong><\/a><br \/>Derk Frerichs, Susanne G\u00f6litzer und Andreas Heckmann<\/p>\n<p>14.10.2023<br \/><a href=\"http:\/\/www.dialogische-kultur-und-bildung.de\/salonslalom\/galerie-2\/waldsalon-unter-baeumen\/\"><strong>Waldsalon: Unter B\u00e4umen<\/strong><\/a><br \/>Mathias Fechter &amp; Susanne G\u00f6litzer<\/p>\n<p>20.01.2023<br \/><a href=\"http:\/\/www.dialogische-kultur-und-bildung.de\/salonslalom\/galerie-2\/nach-der-klimakonferenz-was-muss-kann-und-wird-passieren-um-die-welt-vor-dem-klimakollaps-zu-retten\/\"><strong>Nach der Klimakonferenz: Was muss, kann und wird passieren, um die Welt vor dem Klimakollaps zu retten?<\/strong><\/a><br \/>Malin Emmerich<\/p>\n<p>30.09.2022<br \/><a href=\"http:\/\/www.dialogische-kultur-und-bildung.de\/salonslalom\/galerie-2\/brombeer-und-erkenntnis\/\"><strong>Brombeer und Erkenntnis \u2013 gedankliches Flanieren durch den Alltag<\/strong><\/a><br \/>Ein poetischer Abend mit Musik<br \/>Susanne G\u00f6litzer<\/p>\n<p>20.11.2021<br \/><a href=\"http:\/\/www.dialogische-kultur-und-bildung.de\/salonslalom\/galerie-2\/was-der-wald-in-uns-weckt\/\"><strong>Was der Wald in uns weckt<\/strong><\/a><br \/>Susanne G\u00f6litzer u. Mathias Fechter<\/p>\n<p>24.09.2021<br \/><a href=\"http:\/\/www.dialogische-kultur-und-bildung.de\/salonslalom\/galerie-2\/musik-liebe-tod\/\"><strong>Musik, Liebe, Tod<\/strong><\/a><br \/>Ruth Zetzsche<\/p>\n<p>10.09.2021<br \/><a href=\"http:\/\/www.dialogische-kultur-und-bildung.de\/salonslalom\/galerie-2\/raute-im-gruenen\/\"><strong>Raute im Gr\u00fcnen<\/strong><\/a><br \/>Hanne Roemer<\/p>\n<p><strong><a href=\"https:\/\/www.youtube.com\/watch?v=QDUZKXaOJSQ\">Video: Kurzdokumentation Salon Slalom Special 202<\/a><a href=\"https:\/\/www.youtube.com\/watch?v=QDUZKXaOJSQ\">1<\/a><\/strong><\/p>\n<p>26.03.2021<strong><br \/><\/strong><a href=\"https:\/\/www.youtube.com\/watch?v=GWsHt4nQSVU\" target=\"_blank\" rel=\"noopener\"><strong>Video: Wir retten die Welt<\/strong><\/a><strong><br \/><\/strong>Mit Karin Betz, Nan Nan und den B\u00fcchern von Cixin Liu<\/p>\n<p>12.03.2021<strong><br \/><\/strong><a href=\"https:\/\/www.youtube.com\/watch?v=g-zOpKM7Hr0\" target=\"_blank\" rel=\"noopener\"><strong>Video: Die Balance finden \u2013 ethisches Wirtschaften<\/strong><\/a><strong><br \/><\/strong>Mit Volker Schmidt-Sk\u00f6ries sowie Annemarie Deser und Jan Holzer<strong><br \/><\/strong><\/p>\n<p>26.02.2021<strong><br \/><\/strong><a href=\"https:\/\/www.youtube.com\/watch?v=67l42K1_pfM\" target=\"_blank\" rel=\"noopener\"><strong>Video: Sleeping in a bridge<\/strong><strong><br \/><\/strong><strong>Von Orten und Nichtorten<\/strong><\/a><strong><br \/><\/strong>Ein Abend mit Adrian Baczyk, Finn G\u00f6litzer und Lennart Schweigert<strong><br \/><\/strong><\/p>\n<p>12.02.2021<strong><br \/><\/strong><a href=\"https:\/\/www.youtube.com\/watch?v=ZXdZfHRXiqs\" target=\"_blank\" rel=\"noopener\"><strong>Video: Der Wald und wir<\/strong><strong><br \/><\/strong><strong>Kunst &amp; Dialog: Natur, Mensch und Zukunft<\/strong><\/a><strong><br \/><\/strong>Digitales Waldbaden mit Sandra Mann<strong><br \/><\/strong><\/p>\n<p>29.01.2021<br \/><a href=\"https:\/\/www.youtube.com\/watch?v=JafJO3JPDrM\" target=\"_blank\" rel=\"noopener\"><strong>Video: Jazz, Corona und die Kunst der Improvisation<\/strong><\/a><strong><br \/><\/strong>Jazz-Konzert und Gespr\u00e4ch mit Savas Bayrak (Saxophon) und Jean-Philippe Lacour (Schlagzeug)<strong><br \/><\/strong><\/p>\n<p>15.01.2021<br \/><a href=\"https:\/\/www.youtube.com\/watch?v=c_-mYAVNXjY\" target=\"_blank\" rel=\"noopener\"><strong>Video: Corona, halt\u2019s Maul! Jetzt rede ich<\/strong><\/a><strong><br \/><\/strong>Im Dialog mit dem Playbacktheater Treibgut und Katharina Witte<\/p>\n<p>25.10.2019<br \/><a href=\"http:\/\/www.dialogische-kultur-und-bildung.de\/salonslalom\/galerie-2\/25-10-2019-vom-meisterdieb-zum-bestsellerautor\/\"><strong>Vom Meisterdieb zum Bestsellerautor<\/strong><\/a><br \/>Norbert Rojan<\/p>\n<p>21.3.2019<br \/><a href=\"http:\/\/www.dialogische-kultur-und-bildung.de\/salonslalom\/galerie-2\/unbewusste-entscheidungen-21-3-2019\/\"><strong>Unbewusste Entscheidungen<\/strong><\/a><br \/>Franck Emmerich<\/p>\n<p>01.02.2019<br \/><strong><a href=\"http:\/\/www.dialogische-kultur-und-bildung.de\/salonslalom\/galerie-2\/der-exot-vor-der-haustuer-1-2-2019\/\">Der Exot vor der Haust\u00fcr<\/a><\/strong><br \/>Peter Zschunke<\/p>\n<p>26.10.2018<br \/><a href=\"http:\/\/www.dialogische-kultur-und-bildung.de\/salonslalom\/galerie-2\/storytelling-26-10-2018\/\"><strong>Storytelling &#8211; Ver\u00e4nderung durch Geschichtenerz\u00e4hlen<\/strong><\/a><br \/>Rhea Wessel<\/p>\n<p>27.10.2017<br \/><a href=\"http:\/\/www.dialogische-kultur-und-bildung.de\/salonslalom\/schrei-nach-aussage-und-identitaet-graffiti-und-kommunikation-im-oeffentlichen-raum\/\"><strong>Graffiti &#8211; Schrei nach Anerkennung und Identit\u00e4t<\/strong><\/a><br \/>Finn G\u00f6litzer<\/p>\n<p>09.02.2018<br \/><a href=\"http:\/\/www.dialogische-kultur-und-bildung.de\/salonslalom\/galerie\/dialog-gemeinsam-denken-in-einer-vielstimmigen-welt-09-02-2018\/\"><strong>Dialog. Gemeinsam denken in einer vielstimmigen Welt<\/strong><\/a><br \/>Mathias Fechter und Susanne G\u00f6litzer<\/p>\n<p>27.10.2017:<br \/><a href=\"http:\/\/www.dialogische-kultur-und-bildung.de\/salonslalom\/galerie\/grueezi-und-hallo-27-10-2017\/\"><strong>Gr\u00fcezi und Hallo<\/strong><\/a><br \/>Petra Kirchhoff und Stefan Bearth<\/p>\n<p>23.6.2017<br \/><a href=\"http:\/\/www.dialogische-kultur-und-bildung.de\/salonslalom\/archiv\/die-geschichte-des-salons-23-6-2017\/\"><strong>Geschichte des Salon<\/strong><\/a><br \/>Annette und Christos Rossalidis<\/p>\n<p>18.11.2016:<br \/><strong><a href=\"http:\/\/www.dialogische-kultur-und-bildung.de\/salonslalom\/galerie\/besuch-in-der-rechtsmedizin-vortrag-und-workshop\/\">Die Gesichter der Toten: Vortrag und Workshop<\/a><br \/><a href=\"http:\/\/www.dialogische-kultur-und-bildung.de\/salonslalom\/galerie\/besuch-in-der-rechtsmedizin-vortrag-und-workshop\/\">Die Gesichter der Toten: der Sektionssaal<\/a><br \/><\/strong> Constanze Niess<\/p>\n<p>7.10.2016:<br \/><a href=\"http:\/\/www.dialogische-kultur-und-bildung.de\/salonslalom\/galerie\/einwanderungssongland-deutschland\/\"><strong>Einwanderungs(song)land Deutschland<\/strong><\/a><br \/>Thomas Kunz<\/p>\n<p>23.09.2016:<br \/><a href=\"http:\/\/www.dialogische-kultur-und-bildung.de\/salonslalom\/galerie\/23-9-2016-lichtverkostung\/\"><strong>Lichtverkostung<\/strong><\/a><br \/>Rosa Erdmann und\u00a0Christoph Adlfinger-Pullmann<\/p>\n<p>18.03.2016<br \/><a href=\"http:\/\/www.dialogische-kultur-und-bildung.de\/salonslalom\/galerie\/18-3-2016-fuehren-und-folgen\/\"><strong>F\u00fchren und Folgen &#8211; Tango als Sprache ohne Worte<\/strong><\/a><br \/>Sandra Trauner<\/p>\n<p>19.02.2016<br \/><a href=\"http:\/\/www.dialogische-kultur-und-bildung.de\/salonslalom\/galerie-2\/19-2-2016-alle-register-ziehen\/\"><strong>Alle Register ziehen<\/strong><\/a><br \/>Patrick Leidiger<\/p>\n<p>17.01.2016:<br \/><strong><a href=\"http:\/\/www.dialogische-kultur-und-bildung.de\/salonslalom\/galerie\/17-1-16-dialog-fremd-ist-der-fremde\/\">Fremd ist der Fremde nur in der Fremde <\/a><\/strong><br \/>Mathias Fechter und Susanne G\u00f6litzer<\/p>\n<p>09.10.2015:<br \/><a href=\"http:\/\/www.dialogische-kultur-und-bildung.de\/salonslalom\/galerie\/die-welt-der-stimmen-9-10-2015\/\"><strong>Die Welt der Stimmen<\/strong><\/a><br \/>Regine Nandzik<\/p>\n<p>12.06.2015:<br \/><strong><a href=\"http:\/\/www.dialogische-kultur-und-bildung.de\/salonslalom\/galerie\/12-6-2015-wer-hat-angst-vorm-schwarzen-mann-2\/\">Wer hat Angst vorm schwarzen Mann?<\/a><\/strong><br \/>Katharina Luley und Nadine Schl\u00e4fke<\/p>\n<p>13.03.2015<br \/><strong><a title=\"Gem\u00fcse, Genozid, Geldpolitik: die Gro\u00dfmarkthalle\" href=\"http:\/\/www.dialogische-kultur-und-bildung.de\/salonslalom\/galerie\/gemuse-genozid-geldpolitik-die-grosmarkthalle\/\">Gem\u00fcse, Genozid, Geldpolitik: die Gro\u00dfmarkthalle<\/a><\/strong><br \/>Rainer Bruckhaus und Ingo Peter<\/p>\n<p>16.01.2015<br \/><a title=\"16.01.2015: Den Blick auf die Welt erweitern\" href=\"http:\/\/www.dialogische-kultur-und-bildung.de\/salonslalom\/galerie\/16-01-2015-den-blick-auf-die-welt-erweitern\/\"><strong>Den Blick auf die Welt erweitern<\/strong><\/a><br \/>Annette Ernst und Katinka Feistl<\/p>\n<p>5.12.2014<br \/><a title=\"Experimentelle Salonk\u00fcche 5.12.2014\" href=\"http:\/\/www.dialogische-kultur-und-bildung.de\/salonslalom\/galerie\/experimentelle-salonkuche-5-12-2014\/\"><strong>Experimentelle Salonk\u00fcche<\/strong><\/a><br \/>Susanne, Mathias und Sandra<\/p>\n<p>28.03.2014<br \/><a title=\"Pub Quiz 28. M\u00e4rz 2014\" href=\"http:\/\/www.dialogische-kultur-und-bildung.de\/salonslalom\/galerie\/pub-quiz-28-marz-2014\/\"><strong>Pub Quiz<\/strong><\/a><br \/>Susanne, Mathias, Sandra, Petra<\/p>\n<p>24.01.2014<br \/><strong><a title=\"Gl\u00fcck ist jetzt!\u00a024.01.2014\" href=\"http:\/\/www.dialogische-kultur-und-bildung.de\/salonslalom\/galerie\/gluck-ist-jetzt-24-01-2014\/\">Gl\u00fcck ist jetzt!<\/a><\/strong><br \/>Petra Kirchhoff und Melanie Wirtz<\/p>\n<p>01.11.2013<br \/><strong><a title=\"\u201cTischgesellschaft\u201d Dialog \u00fcber das gute Leben\u00a01.11.2013\" href=\"http:\/\/www.dialogische-kultur-und-bildung.de\/salonslalom\/galerie\/tischgesellschaft-dialog-uber-das-gute-leben-1-11-2013-2\/\">Tischgesellschaft Dialog \u00fcber das gute Leben<\/a><\/strong><br \/>Mathias Fechter und Susanne G\u00f6litzer<\/p>\n<p>15.6.2013<br \/><a title=\"Nekar und Ambrosia \u2013 Das Festmahl der\u00a0G\u00f6tter\" href=\"http:\/\/www.dialogische-kultur-und-bildung.de\/salonslalom\/galerie\/nekar-und-ambrosia\/\"><strong>Nektar und Ambrosia &#8211; Das Festmahl der G\u00f6tter<\/strong><\/a><br \/>Voula Papadopoulou<\/p>\n<p>15.03.2013<br \/><strong><a title=\"Der\u00a0Babylon-Salon\" href=\"http:\/\/www.dialogische-kultur-und-bildung.de\/salonslalom\/galerie\/der-babylon-salon\/\">&#8222;Der Babylon-Salon&#8220;<\/a><\/strong><br \/>Eva Schmitt-Lautenschlager, Susanne G\u00f6litzer, Sandra Trauner<\/p>\n<p>25.01.2013<br \/><a href=\"http:\/\/www.dialogische-kultur-und-bildung.de\/salonslalom\/galerie-2\/elemente-schwarze-locher-und-der-urknall\/\"><strong>Elemente, schwarze L\u00f6cher und der Urknall<\/strong><\/a><br \/>Ingo Peter<\/p>\n<p>07.12.2012<br \/><strong><a href=\"http:\/\/www.dialogische-kultur-und-bildung.de\/salonslalom\/galerie-2\/hinter-dem-phanomen-lauert-das-ich-aber-was-kommt-dann\/\">Hinter dem Ph\u00e4nomen lauert das \u2018Ich\u2019, aber was kommt\u00a0dann?<\/a><br \/><\/strong>Gerd Doeben-Henisch<strong><br \/><\/strong><\/p>\n<p>26.10.2012<br \/><strong><a href=\"http:\/\/www.dialogische-kultur-und-bildung.de\/salonslalom\/galerie\/pecunia-non-olet-geld-stinkt-nicht\/\">Pecunia non olet &#8211; Geld stinkt nicht<\/a><br \/><\/strong>Reiner Henckel<\/p>\n<p>25.08.2012<br \/><a href=\"http:\/\/www.learningbyliving.de\/?page_id=162\" target=\"_blank\" rel=\"noopener\"><strong>An unforgettable day in the wood<\/strong><\/a><br \/>Mathias Fechter, Susanne G\u00f6litzer<\/p>\n<p>15.06.2012<br \/><a title=\"\u201eWenn das die L\u00f6sung ist, h\u00e4tte ich gern das Problem\u00a0zur\u00fcck\u201c\" href=\"http:\/\/www.dialogische-kultur-und-bildung.de\/salonslalom\/galerie\/wenn-das-die-losung-ist-hatte-ich-gern-das-problem-zuruck-2\/\"><strong>&#8222;Wenn das die L\u00f6sung ist, h\u00e4tte ich gern das Problem zur\u00fcck&#8220;<\/strong><\/a><br \/>Melanie Wirtz und Sandra Trauner<\/p>\n<p>20.04.2012<br \/><strong><a title=\"\u201cTypen und\u00a0Temperamente\u201d\" href=\"http:\/\/www.dialogische-kultur-und-bildung.de\/salonslalom\/archiv\/typen-und-temperamente\/\">Typen und Temperamente<\/a><br \/><\/strong>Ralph Nelius<\/p>\n<p>09.03.2012<br \/><a href=\"http:\/\/www.dialogische-kultur-und-bildung.de\/salonslalom\/galerie\/ahoi-genossin-marchenbraut\/\"><strong>Ahoi Genossin M\u00e4rchenbraut<\/strong><\/a><br \/>Thomas Kunz und Norbert Kresse<\/p>\n<p>20.01.2012<br \/><a title=\"Fremdsch\u00e4men: der soziale Phantomschmerz\" href=\"http:\/\/www.dialogische-kultur-und-bildung.de\/salonslalom\/galerie\/fremdschamen-der-soziale-phantomschmerz-2\/\"><strong>Fremdsch\u00e4men: der soziale Phantomschmerz<\/strong><br \/><\/a>Sandra Trauner und Michael Hefele<\/p>\n<p>09.12.2011<br \/><a href=\"http:\/\/www.dialogische-kultur-und-bildung.de\/salonslalom\/galerie\/die-zukunft-der-vergangenheit\/\"><strong>Die Zukunft der Vergangenheit<\/strong><br \/><\/a>Gregor Honsel<\/p>\n<p>04.11.2011<br \/><a title=\"Alles flie\u00dft \u2013 Stream of Consciousness.\" href=\"http:\/\/www.dialogische-kultur-und-bildung.de\/salonslalom\/galerie\/alles-fliest-stream-of-consciousness\/\"><strong>Alles flie\u00dft &#8211; Stream of Consciousness<\/strong><br \/><\/a>Susanne G\u00f6litzer, Mathias Fechter<\/p>\n\n\n<p><\/p>\n\n\n\n<p><\/p>\n","protected":false},"excerpt":{"rendered":"<p>01.09.2024Was der Wald in uns weckt \u2013 S\u00fc\u00dfe SehnsuchtPlayback-Theater &#8222;Treibgut&#8220; und Mathias Fechter 07.06.2024Paarungen und Mixturen \u2013 Literatur im Gespr\u00e4chDerk Frerichs, Susanne G\u00f6litzer und Andreas Heckmann 14.10.2023Waldsalon: Unter B\u00e4umenMathias Fechter &amp; Susanne G\u00f6litzer 20.01.2023Nach der Klimakonferenz: Was muss, kann und &hellip; <a href=\"http:\/\/www.dialogische-kultur-und-bildung.de\/salonslalom\/galerie-2\/\">Weiterlesen <span class=\"meta-nav\">&rarr;<\/span><\/a><\/p>\n","protected":false},"author":1,"featured_media":0,"parent":0,"menu_order":6,"comment_status":"closed","ping_status":"closed","template":"","meta":{"footnotes":""},"class_list":["post-2708","page","type-page","status-publish","hentry"],"_links":{"self":[{"href":"http:\/\/www.dialogische-kultur-und-bildung.de\/salonslalom\/wp-json\/wp\/v2\/pages\/2708","targetHints":{"allow":["GET"]}}],"collection":[{"href":"http:\/\/www.dialogische-kultur-und-bildung.de\/salonslalom\/wp-json\/wp\/v2\/pages"}],"about":[{"href":"http:\/\/www.dialogische-kultur-und-bildung.de\/salonslalom\/wp-json\/wp\/v2\/types\/page"}],"author":[{"embeddable":true,"href":"http:\/\/www.dialogische-kultur-und-bildung.de\/salonslalom\/wp-json\/wp\/v2\/users\/1"}],"replies":[{"embeddable":true,"href":"http:\/\/www.dialogische-kultur-und-bildung.de\/salonslalom\/wp-json\/wp\/v2\/comments?post=2708"}],"version-history":[{"count":20,"href":"http:\/\/www.dialogische-kultur-und-bildung.de\/salonslalom\/wp-json\/wp\/v2\/pages\/2708\/revisions"}],"predecessor-version":[{"id":3846,"href":"http:\/\/www.dialogische-kultur-und-bildung.de\/salonslalom\/wp-json\/wp\/v2\/pages\/2708\/revisions\/3846"}],"wp:attachment":[{"href":"http:\/\/www.dialogische-kultur-und-bildung.de\/salonslalom\/wp-json\/wp\/v2\/media?parent=2708"}],"curies":[{"name":"wp","href":"https:\/\/api.w.org\/{rel}","templated":true}]}}