{"id":1948,"date":"2016-01-24T21:30:32","date_gmt":"2016-01-24T21:30:32","guid":{"rendered":"https:\/\/salonslalom.wordpress.com\/?page_id=1948"},"modified":"2022-12-16T12:08:11","modified_gmt":"2022-12-16T12:08:11","slug":"19-2-2016-alle-register-ziehen","status":"publish","type":"page","link":"http:\/\/www.dialogische-kultur-und-bildung.de\/salonslalom\/termine\/19-2-2016-alle-register-ziehen\/","title":{"rendered":"19. 2. 2016: Alle Register ziehen"},"content":{"rendered":"<p><a href=\"https:\/\/salonslalom.files.wordpress.com\/2016\/01\/orgelregister.jpg\" rel=\"attachment wp-att-1947\"><img loading=\"lazy\" decoding=\"async\" class=\"alignleft size-full wp-image-1947\" src=\"https:\/\/salonslalom.files.wordpress.com\/2016\/01\/orgelregister.jpg\" alt=\"Orgelregister\" width=\"584\" height=\"779\" \/><\/a><\/p>\n<p>\u00a9 Bild: Benutzer:Kantor.JH, \u201eRegister einer Orgel\u201c, <a href=\"http:\/\/creativecommons.org\/licenses\/by-sa\/3.0\/legalcode\" target=\"_blank\" rel=\"noopener\">Creative Commons Attribution-Share Alike 3.0 (CC BY-SA 3.0)<\/a><\/p>\n<p><strong>Salon Slalom, 19.2.2016, 20 Uhr, Katharinenkirche<\/strong><\/p>\n<p><b>Alle Register ziehen : Einblicke in die Welt der Orgelmusik<\/b><\/p>\n<p>Gl\u00e4ubig oder nicht: Der Klang einer Orgel in einem hohen Geb\u00e4ude l\u00e4sst so gut wie niemanden kalt. Ob man bei einem Kirchenbesuch von den gewaltigen Kl\u00e4ngen der Toccata von Johann Sebastian Bach eingeh\u00fcllt wird, oder im Kino den Film \u201eInterstellar\u201c mit seiner eindrucksvollen Orgelmusik sieht &#8211; ob klassisch oder modern, die meisten Menschen erliegen ganz unmittelbar der Wucht dieser Musik. Patrick Leidinger, Kantor der evangelischen Kirche Bad Schwalbach, f\u00fchrt uns an diesem Abend die Orgel in der Katharinenkirche nicht nur vor und spielt f\u00fcr uns, sondern erkl\u00e4rt und erz\u00e4hlt etwas zu diesem gro\u00dfen Instrument. Er beantwortet auch gerne Fragen zur Funktionsweise der Orgel, zur Geschichte der Orgelmusik und dem Beruf des Kantors.<\/p>\n<p>Salon Slalom <strong>mit Patrick Leidinger<\/strong>,\u00a0am Freitag,\u00a0<strong>19.2.2016,\u00a0<\/strong>in der <strong>Katharinenkirche <\/strong>an der Hauptwache in\u00a0Frankfurt,\u00a0Beginn 20 Uhr<\/p>\n<p><em>Es sind an diesem Salonabend drei Besonderheiten zu beachten:<\/em><\/p>\n<p>ACHTUNG: Mit dem Glockenschlag um 20 Uhr schlie\u00dft das Kirchenportal!<br \/>\nBitte erscheint p\u00fcnktlich, da das Tor zur Kirche abgeschlossen wird, wenn der Salon beginnt.<\/p>\n<p>Es gibt an der Orgel keine Sitzgelegenheiten. Es ist m\u00f6glich, sich einen kleinen Klappstuhl mitzubringen.<\/p>\n<p>Wir bitten jeden Salonteilnehmer und jede \u2013teilnehmerin an diesem Abend um eine Spende f\u00fcr die Katharinenkirche, die uns gro\u00dfz\u00fcgigerweise f\u00fcr diesen Salon das Tor und die Orgel \u00f6ffnet.<\/p>\n<p>Bitte meldet Euch wie gewohnt auf unserer <a href=\"https:\/\/salonslalom.wordpress.com\/anmeldung\/\">Homepage<\/a> an.<\/p>\n<p>Wir freuen uns auf Euch! Susanne, Mathias und Sandra<\/p>\n","protected":false},"excerpt":{"rendered":"<p>\u00a9 Bild: Benutzer:Kantor.JH, \u201eRegister einer Orgel\u201c, Creative Commons Attribution-Share Alike 3.0 (CC BY-SA 3.0) Salon Slalom, 19.2.2016, 20 Uhr, Katharinenkirche Alle Register ziehen : Einblicke in die Welt der Orgelmusik Gl\u00e4ubig oder nicht: Der Klang einer Orgel in einem hohen &hellip; <a href=\"http:\/\/www.dialogische-kultur-und-bildung.de\/salonslalom\/termine\/19-2-2016-alle-register-ziehen\/\">Weiterlesen <span class=\"meta-nav\">&rarr;<\/span><\/a><\/p>\n","protected":false},"author":1,"featured_media":0,"parent":8,"menu_order":161,"comment_status":"closed","ping_status":"closed","template":"","meta":{"footnotes":""},"class_list":["post-1948","page","type-page","status-publish","hentry"],"_links":{"self":[{"href":"http:\/\/www.dialogische-kultur-und-bildung.de\/salonslalom\/wp-json\/wp\/v2\/pages\/1948","targetHints":{"allow":["GET"]}}],"collection":[{"href":"http:\/\/www.dialogische-kultur-und-bildung.de\/salonslalom\/wp-json\/wp\/v2\/pages"}],"about":[{"href":"http:\/\/www.dialogische-kultur-und-bildung.de\/salonslalom\/wp-json\/wp\/v2\/types\/page"}],"author":[{"embeddable":true,"href":"http:\/\/www.dialogische-kultur-und-bildung.de\/salonslalom\/wp-json\/wp\/v2\/users\/1"}],"replies":[{"embeddable":true,"href":"http:\/\/www.dialogische-kultur-und-bildung.de\/salonslalom\/wp-json\/wp\/v2\/comments?post=1948"}],"version-history":[{"count":1,"href":"http:\/\/www.dialogische-kultur-und-bildung.de\/salonslalom\/wp-json\/wp\/v2\/pages\/1948\/revisions"}],"predecessor-version":[{"id":3615,"href":"http:\/\/www.dialogische-kultur-und-bildung.de\/salonslalom\/wp-json\/wp\/v2\/pages\/1948\/revisions\/3615"}],"up":[{"embeddable":true,"href":"http:\/\/www.dialogische-kultur-und-bildung.de\/salonslalom\/wp-json\/wp\/v2\/pages\/8"}],"wp:attachment":[{"href":"http:\/\/www.dialogische-kultur-und-bildung.de\/salonslalom\/wp-json\/wp\/v2\/media?parent=1948"}],"curies":[{"name":"wp","href":"https:\/\/api.w.org\/{rel}","templated":true}]}}