{"id":1806,"date":"2015-09-13T21:53:13","date_gmt":"2015-09-13T19:53:13","guid":{"rendered":"https:\/\/salonslalom.wordpress.com\/?page_id=1806"},"modified":"2015-09-13T21:53:13","modified_gmt":"2015-09-13T19:53:13","slug":"die-welt-der-stimmen","status":"publish","type":"page","link":"http:\/\/www.dialogische-kultur-und-bildung.de\/salonslalom\/termine\/die-welt-der-stimmen\/","title":{"rendered":"Die Welt der Stimmen"},"content":{"rendered":"<p><a href=\"https:\/\/salonslalom.files.wordpress.com\/2015\/09\/13072167803_3eb7fa2b72_k.jpg\"><img loading=\"lazy\" decoding=\"async\" class=\"alignnone wp-image-1805 size-large\" src=\"https:\/\/salonslalom.files.wordpress.com\/2015\/09\/13072167803_3eb7fa2b72_k.jpg?w=660\" alt=\"13072167803_3eb7fa2b72_k\" width=\"660\" height=\"422\" \/><\/a><\/p>\n<p>\u00a9 Bild: <a href=\"https:\/\/www.flickr.com\/photos\/qwrrty\/\" target=\"_blank\">Tim Pearce<\/a>, <a href=\"https:\/\/www.flickr.com\/photos\/qwrrty\/13072167803\" target=\"_blank\">\u201elisten (069\/365)\u201c<\/a>, <a href=\"https:\/\/creativecommons.org\/licenses\/by\/2.0\/\" target=\"_blank\">Creative Commons (CC BY 2.0)<\/a><\/p>\n<p><b>Die Welt der Stimmen<\/b><\/p>\n<p><b>Wie Stimmen unser Leben beeinflussen<\/b><\/p>\n<p>Was verbinden wir alles mit Stimmen? Erinnerungen, eigene Kindheit, besondere Ereignisse, pr\u00e4gende Stimmen, pers\u00f6nliche Vorbilder, Gesang\u2026 Stimmen haben einen oft untersch\u00e4tzten Einfluss auf unser Verhalten, unser Denken und F\u00fchlen, unsere Wahrnehmung und unsere Kommunikation. Wie die Welt der Stimmen unser Leben beherrscht, ist Thema des n\u00e4chsten Salons. Wir besch\u00e4ftigen uns mit dem Ph\u00e4nomen der Stimmen, beleuchten interessante Ph\u00e4nomene und gehen verschiedenen Fragen nach:<\/p>\n<ul>\n<li>Wie gehen wir mit unseren inneren Stimmen um? Sind sie uns &#8222;innere Helfer&#8220;, die \u00fcber M\u00e4ngel und Bed\u00fcrfnisse im Menschen sprechen; Hilfen aus dem eigenen Inneren, die jedoch aufgrund der Entfremdung, der \u00dcberbetonung des Intellekts und Vernachl\u00e4ssigung der &#8222;Gef\u00fchlswelt&#8220; der modernen Menschen -, nicht erkannt und nicht genutzt werden?<\/li>\n<\/ul>\n<ul>\n<li>Sind Stimmen f\u00fcr uns eine Art moralische Instanz?<\/li>\n<\/ul>\n<ul>\n<li>Was, wenn Stimmen den Alltag beherrschen? Wenn Sie \u201eBesitz\u201c von einem ergreifen und real werden?<\/li>\n<\/ul>\n<p>Wir m\u00f6chten dazu einladen, sich mit Stimmen und der daraus resultierenden Stimmung n\u00e4her zu befassen. Wir werden das Stimmenh\u00f6ren aus der psychiatrischen Sicht ebenso betrachten, wie bekannte Stimmen h\u00f6ren und unserer eigenen Stimme nachgehen. Schlie\u00dflich werden wir der Autorin Cornelia Anken zu ihren ganz eigenen Gedanken zum Thema Stimmenh\u00f6ren lauschen.<\/p>\n<p>Ein Salon mit Regine Nandzik.<\/p>\n<p>Termin:<\/p>\n<p><b>Freitag, 09. Oktober 2015, 19.00 Uhr<\/b><\/p>\n<p>Ort:<\/p>\n<p><b>Cafe Basaglia\u00a0<\/b><\/p>\n<p><b>Eschersheimer Land Str. 65<\/b><\/p>\n<p><b>Frankfurt am Main<\/b><\/p>\n<p>Im Cafe Basaglia k\u00f6nnen wir vor Beginn des Programms um 19.00 Uhr gemeinsam essen. Es wird leckeres Fingerfood f\u00fcr 10.00 EUR pro Person geben. Um 20.00 Uhr beginnt dann das Programm<\/p>\n<p>Bitte meldet Euch wie gewohnt<a href=\"https:\/\/salonslalom.wordpress.com\/anmeldung\/\"> hier<\/a> an.<\/p>\n<p>Susanne, Mathias und Sandra<\/p>\n","protected":false},"excerpt":{"rendered":"<p>\u00a9 Bild: Tim Pearce, \u201elisten (069\/365)\u201c, Creative Commons (CC BY 2.0) Die Welt der Stimmen Wie Stimmen unser Leben beeinflussen Was verbinden wir alles mit Stimmen? Erinnerungen, eigene Kindheit, besondere Ereignisse, pr\u00e4gende Stimmen, pers\u00f6nliche Vorbilder, Gesang\u2026 Stimmen haben einen oft &hellip; <a href=\"http:\/\/www.dialogische-kultur-und-bildung.de\/salonslalom\/termine\/die-welt-der-stimmen\/\">Weiterlesen <span class=\"meta-nav\">&rarr;<\/span><\/a><\/p>\n","protected":false},"author":1,"featured_media":0,"parent":8,"menu_order":0,"comment_status":"closed","ping_status":"closed","template":"","meta":{"footnotes":""},"class_list":["post-1806","page","type-page","status-publish","hentry"],"_links":{"self":[{"href":"http:\/\/www.dialogische-kultur-und-bildung.de\/salonslalom\/wp-json\/wp\/v2\/pages\/1806","targetHints":{"allow":["GET"]}}],"collection":[{"href":"http:\/\/www.dialogische-kultur-und-bildung.de\/salonslalom\/wp-json\/wp\/v2\/pages"}],"about":[{"href":"http:\/\/www.dialogische-kultur-und-bildung.de\/salonslalom\/wp-json\/wp\/v2\/types\/page"}],"author":[{"embeddable":true,"href":"http:\/\/www.dialogische-kultur-und-bildung.de\/salonslalom\/wp-json\/wp\/v2\/users\/1"}],"replies":[{"embeddable":true,"href":"http:\/\/www.dialogische-kultur-und-bildung.de\/salonslalom\/wp-json\/wp\/v2\/comments?post=1806"}],"version-history":[{"count":0,"href":"http:\/\/www.dialogische-kultur-und-bildung.de\/salonslalom\/wp-json\/wp\/v2\/pages\/1806\/revisions"}],"up":[{"embeddable":true,"href":"http:\/\/www.dialogische-kultur-und-bildung.de\/salonslalom\/wp-json\/wp\/v2\/pages\/8"}],"wp:attachment":[{"href":"http:\/\/www.dialogische-kultur-und-bildung.de\/salonslalom\/wp-json\/wp\/v2\/media?parent=1806"}],"curies":[{"name":"wp","href":"https:\/\/api.w.org\/{rel}","templated":true}]}}