{"id":1573,"date":"2014-12-18T21:57:47","date_gmt":"2014-12-18T21:57:47","guid":{"rendered":"http:\/\/salonslalom.wordpress.com\/?page_id=1573"},"modified":"2022-12-16T12:10:35","modified_gmt":"2022-12-16T12:10:35","slug":"1573-2","status":"publish","type":"page","link":"http:\/\/www.dialogische-kultur-und-bildung.de\/salonslalom\/termine\/1573-2\/","title":{"rendered":"Den Blick auf die Welt erweitern &#8211; Der Kampf um Gleichberechtigung im Filmgesch\u00e4ft"},"content":{"rendered":"<p><b>Ein Salonabend mit den Regisseurinnen Katinka Feistl und Annette Ernst \u00fcber Bilder, Macht, Gerechtigkeit und Quote<\/b><\/p>\n<p><b>Freitag, 16. Januar 2015, 19.30 Uhr<\/b><\/p>\n<p><b>Schwalbe 54 &#8211; Raum f\u00fcr Kunst, Schwalbacher Stra\u00dfe 54, 60326 Frankfurt<\/b><\/p>\n<p>Vor \u00fcber einem Jahr haben die zwei Frankfurter Regisseurinnen, Katinka Feistl und Annette Ernst die Initiative \u201ePro Quote Regie\u201c angeschoben. Sie haben festgestellt, dass 85 % aller Filme von M\u00e4nnern gemacht werden \u2013 sowohl im Kino, als auch im Fernsehen und das wollen sie \u00e4ndern \u2013 nicht zuletzt auch, weil es um Geld geht. Aber es geht noch um so viel mehr. Um Pluralit\u00e4t und die Macht \u00fcber die eigenen Bilder. Um Netzwerke unter Frauen, die M\u00e4nner schon seit Jahrzehnten als \u201aSeilschaften\u2019 bezeichnen und davon profitieren. Um weibliche Heldinnen. Um den Umgang von M\u00e4nnern mit Frauen, aber auch von Frauen mit Frauen.<\/p>\n<p>Inzwischen wurde vom Bundesverband Regie ein Bericht ver\u00f6ffentlicht, der dokumentiert, dass es z.B. im \u00f6ffentlichen Fernsehen noch schlechter f\u00fcr die Regisseurinnen aussieht (knapp 11%) und z.B. jede Menge Serien und Reihen komplett ohne Regisseurinnen auskommen. It\u2019s the economy, stupid \u2013 es ist auch ein Arbeitskampf!<\/p>\n<p>Im November 2014 wurde Pro Quote Regie in den Bundestag eingebracht. Inzwischen stehen \u00fcber 230 Regisseurinnen und \u00fcber 150 Unterst\u00fctzer hinter der Initiative. Eine kleine Geschichte des Erfolges auf dem Weg zu messbaren Ergebnissen. Die beiden Regisseurinnen wollen \u00fcber Pro Quote Regie berichten, aber auch sensibilisieren und mit anderen diskutieren \u00fcber Fragen der Gleichberechtigung im Beruf und den unterschiedlichen Blick auf die Welt, egal ob man im Filmgesch\u00e4ft ist oder nicht.<\/p>\n<p>Wir freuen uns, die beiden im Salon Slalom begr\u00fc\u00dfen zu k\u00f6nnen und m\u00f6chten alle, denen die Frage nach einem gerechten und gleichberechtigten Zusammenleben nicht egal ist, zu diesem Salonabend mit Vortrag und Diskussion einladen.<\/p>\n<p>Ps: Es gibt diesmal kein Essen, nur Getr\u00e4nke.\u00a0Bitte meldet Euch <a title=\"Anmeldung\" href=\"http:\/\/salonslalom.wordpress.com\/anmeldung\/\">hier<\/a> an. Danke!<\/p>\n","protected":false},"excerpt":{"rendered":"<p>Ein Salonabend mit den Regisseurinnen Katinka Feistl und Annette Ernst \u00fcber Bilder, Macht, Gerechtigkeit und Quote Freitag, 16. Januar 2015, 19.30 Uhr Schwalbe 54 &#8211; Raum f\u00fcr Kunst, Schwalbacher Stra\u00dfe 54, 60326 Frankfurt Vor \u00fcber einem Jahr haben die zwei &hellip; <a href=\"http:\/\/www.dialogische-kultur-und-bildung.de\/salonslalom\/termine\/1573-2\/\">Weiterlesen <span class=\"meta-nav\">&rarr;<\/span><\/a><\/p>\n","protected":false},"author":1,"featured_media":0,"parent":8,"menu_order":149,"comment_status":"closed","ping_status":"closed","template":"","meta":{"footnotes":""},"class_list":["post-1573","page","type-page","status-publish","hentry"],"_links":{"self":[{"href":"http:\/\/www.dialogische-kultur-und-bildung.de\/salonslalom\/wp-json\/wp\/v2\/pages\/1573","targetHints":{"allow":["GET"]}}],"collection":[{"href":"http:\/\/www.dialogische-kultur-und-bildung.de\/salonslalom\/wp-json\/wp\/v2\/pages"}],"about":[{"href":"http:\/\/www.dialogische-kultur-und-bildung.de\/salonslalom\/wp-json\/wp\/v2\/types\/page"}],"author":[{"embeddable":true,"href":"http:\/\/www.dialogische-kultur-und-bildung.de\/salonslalom\/wp-json\/wp\/v2\/users\/1"}],"replies":[{"embeddable":true,"href":"http:\/\/www.dialogische-kultur-und-bildung.de\/salonslalom\/wp-json\/wp\/v2\/comments?post=1573"}],"version-history":[{"count":2,"href":"http:\/\/www.dialogische-kultur-und-bildung.de\/salonslalom\/wp-json\/wp\/v2\/pages\/1573\/revisions"}],"predecessor-version":[{"id":2992,"href":"http:\/\/www.dialogische-kultur-und-bildung.de\/salonslalom\/wp-json\/wp\/v2\/pages\/1573\/revisions\/2992"}],"up":[{"embeddable":true,"href":"http:\/\/www.dialogische-kultur-und-bildung.de\/salonslalom\/wp-json\/wp\/v2\/pages\/8"}],"wp:attachment":[{"href":"http:\/\/www.dialogische-kultur-und-bildung.de\/salonslalom\/wp-json\/wp\/v2\/media?parent=1573"}],"curies":[{"name":"wp","href":"https:\/\/api.w.org\/{rel}","templated":true}]}}