{"id":1486,"date":"2014-11-12T15:23:15","date_gmt":"2014-11-12T13:23:15","guid":{"rendered":"http:\/\/salonslalom.wordpress.com\/?page_id=1486"},"modified":"2014-11-12T15:23:15","modified_gmt":"2014-11-12T13:23:15","slug":"experimentelle-salonkuche-gemeinsam-kochen-und-essen","status":"publish","type":"page","link":"http:\/\/www.dialogische-kultur-und-bildung.de\/salonslalom\/archiv\/experimentelle-salonkuche-gemeinsam-kochen-und-essen\/","title":{"rendered":"Experimentelle Salonk\u00fcche: Gemeinsam kochen und essen"},"content":{"rendered":"<p>Kochen und Essen einmal anders: In unserer experimentellen Salonk\u00fcche m\u00f6chten wir Spontanit\u00e4t, Improvisation, Schauen, Riechen und Schmecken zusammenwerfen, verr\u00fchren und daraus ein au\u00dfergew\u00f6hnliches Festmahl entstehen lassen.<\/p>\n<p>Drei nach dem Zufallsprinzip zusammengestellte Teilgruppen kochen an diesem Abend in zwei getrennten privaten K\u00fcchen Vorspeise, Hauptgang und Nachspeise. Die zu verarbeitenden Lebensmittel sind den Teilnehmern vorab nicht bekannt. Gefragt sind nicht Profik\u00f6che, sondern vor allem Phantasie, Experimentierfreude und kollaborative Intelligenz. Jeder bringt sein Wissen, seine Ideen und seinen Geschmack ein, so dass aus den bereitgestellten Lebensmitteln f\u00fcr alle ein \u00fcberraschendes Men\u00fc entsteht.<\/p>\n<p>Was alles entstehen kann, wenn verschiedene Menschen ihre individuellen Erfahrungen beim Kochen in der Gruppe einbringen, k\u00f6nnen wir beim gemeinsamen Abendessen diskutieren. Dazu werden kleine Nachdenklichkeiten zum Thema \u201eEssen\u201c dargeboten.<\/p>\n<p>Termin:<br \/>\n<b>Freitag, 05. Dezember 2014, 18.30 Uhr<\/b><\/p>\n<p>Ort:<br \/>\n<b>Bornheimer K\u00fcchen und Wohnzimmer<br \/>\nRossdorfer Stra\u00dfe 28\/28a<br \/>\n<\/b><b>Frankfurt am Main<\/b><\/p>\n<p>\u00d6ffentliche Verkehrsmittel: Bornheim-Mitte \u2013 Stra\u00dfenbahn 12 oder U4<\/p>\n<p>Unkostenbeitrag: 17,00 EUR<\/p>\n<p>\u2026und hier geht\u2019s direkt zur <a title=\"Anmeldung\" href=\"http:\/\/salonslalom.wordpress.com\/anmeldung\/\">Anmeldung<\/a>. Wir freuen uns auf Euch!<\/p>\n<p>&nbsp;<\/p>\n","protected":false},"excerpt":{"rendered":"<p>Kochen und Essen einmal anders: In unserer experimentellen Salonk\u00fcche m\u00f6chten wir Spontanit\u00e4t, Improvisation, Schauen, Riechen und Schmecken zusammenwerfen, verr\u00fchren und daraus ein au\u00dfergew\u00f6hnliches Festmahl entstehen lassen. Drei nach dem Zufallsprinzip zusammengestellte Teilgruppen kochen an diesem Abend in zwei getrennten privaten &hellip; <a href=\"http:\/\/www.dialogische-kultur-und-bildung.de\/salonslalom\/archiv\/experimentelle-salonkuche-gemeinsam-kochen-und-essen\/\">Weiterlesen <span class=\"meta-nav\">&rarr;<\/span><\/a><\/p>\n","protected":false},"author":1,"featured_media":0,"parent":36,"menu_order":0,"comment_status":"closed","ping_status":"open","template":"","meta":{"footnotes":""},"class_list":["post-1486","page","type-page","status-publish","hentry"],"_links":{"self":[{"href":"http:\/\/www.dialogische-kultur-und-bildung.de\/salonslalom\/wp-json\/wp\/v2\/pages\/1486","targetHints":{"allow":["GET"]}}],"collection":[{"href":"http:\/\/www.dialogische-kultur-und-bildung.de\/salonslalom\/wp-json\/wp\/v2\/pages"}],"about":[{"href":"http:\/\/www.dialogische-kultur-und-bildung.de\/salonslalom\/wp-json\/wp\/v2\/types\/page"}],"author":[{"embeddable":true,"href":"http:\/\/www.dialogische-kultur-und-bildung.de\/salonslalom\/wp-json\/wp\/v2\/users\/1"}],"replies":[{"embeddable":true,"href":"http:\/\/www.dialogische-kultur-und-bildung.de\/salonslalom\/wp-json\/wp\/v2\/comments?post=1486"}],"version-history":[{"count":0,"href":"http:\/\/www.dialogische-kultur-und-bildung.de\/salonslalom\/wp-json\/wp\/v2\/pages\/1486\/revisions"}],"up":[{"embeddable":true,"href":"http:\/\/www.dialogische-kultur-und-bildung.de\/salonslalom\/wp-json\/wp\/v2\/pages\/36"}],"wp:attachment":[{"href":"http:\/\/www.dialogische-kultur-und-bildung.de\/salonslalom\/wp-json\/wp\/v2\/media?parent=1486"}],"curies":[{"name":"wp","href":"https:\/\/api.w.org\/{rel}","templated":true}]}}