{"id":1328,"date":"2013-11-11T11:23:53","date_gmt":"2013-11-11T09:23:53","guid":{"rendered":"http:\/\/salonslalom.wordpress.com\/?page_id=1328"},"modified":"2013-11-11T11:23:53","modified_gmt":"2013-11-11T09:23:53","slug":"pub-quiz-6-dezember-2013","status":"publish","type":"page","link":"http:\/\/www.dialogische-kultur-und-bildung.de\/salonslalom\/termine\/pub-quiz-6-dezember-2013\/","title":{"rendered":"Pub-Quiz"},"content":{"rendered":"<p><strong>Das ganze Leben ist ein Quiz&#8230;<br \/>\nund Ihr seid unsere Kandidaten!<\/strong><\/p>\n<p>Am Freitag, 28, M\u00e4rz 2014<br \/>\nl\u00e4dt Euch der Salon Slalom ein<br \/>\nzum Nachholtermin unseres<\/p>\n<p><strong>Pub-Quiz<\/strong><\/p>\n<p><a href=\"http:\/\/salonslalom.files.wordpress.com\/2013\/11\/gin-soak-quiz-night-2008-flickr-com.jpg\"><img loading=\"lazy\" decoding=\"async\" class=\"alignleft size-full wp-image-1327\" alt=\"gin soak, quiz night, 2008, flickr.com\" src=\"http:\/\/salonslalom.files.wordpress.com\/2013\/11\/gin-soak-quiz-night-2008-flickr-com.jpg\" width=\"584\" height=\"438\" \/><\/a><\/p>\n<p>\u00a9 gin soak, Creative Commons CC BY-NC-ND 2.0<\/p>\n<p>Vereinslokal der Kleingartenanlage KGV Cronberger eV<br \/>\nDortelweiler Stra\u00dfe 120<br \/>\n60389 Frankfurt-Bornheim *<\/p>\n<p>Um 19.00 k\u00f6nnt Ihr mit uns traditionelle Vereinsheim-Kost essen.<br \/>\nUm 20.00 beginnt das Quiz.<\/p>\n<p><em>Am Nikolaus-Abend war der Termin f\u00fcr viele ung\u00fcnstig. Daher hatten wir uns kurzfristig entschlossen, das Pub-Quiz zu verschieben. Nun muss keiner mehr zur Weihnachtsfeier ins B\u00fcro oder zum Pl\u00e4tzchenessen in den Kindergarten &#8211; und alle k\u00f6nnen mitspielen. Allen, die sich damals angemeldet hatten, sagen wir: Danke f\u00fcr Eure Geduld! Wir hoffen, Ihr k\u00f6nnt auch diesmal dabei sein.<\/em><\/p>\n<p>Bei unserem Pub-Quiz wird in Gruppen gespielt. Das hei\u00dft: Keiner muss alleine nach der Antwort suchen, Ihr beratet Euch zuerst im Team und antwortet dann gemeinsam. Die Teams werden ausgelost, Ihr m\u00fcsst Euch nicht als Gruppe anmelden. Aber jeder Gast muss mitspielen.<br \/>\nDie Fragen stammen aus allen Lebensbereichen und Wissengebieten. Wir hoffen, dass wir die richtige Mischung getroffen haben zwischen geistiger Herausforderung, Unterhaltung und Verbl\u00fcffung. Bei unserem Quiz braucht Ihr nicht nur Euer Hirn, sondern auch Ohren, Augen und H\u00e4nde. Unter anderem gibt es einen Musik-Quickie und was mit Knete.<\/p>\n<p>Quizmaster und Zeremonienmeister: Mathias Fechter<br \/>\nJury und Nummerngirls: Susanne G\u00f6litzer, Petra Kirchhoff, Sandra Trauner<\/p>\n<p>Bitte meldet Euch am besten <a title=\"Anmeldung\" href=\"http:\/\/salonslalom.wordpress.com\/anmeldung\/\">gleich hier<\/a> an und sagt uns dabei auch, ob Ihr vorher zum Essen kommt.<\/p>\n<p>Wir freuen uns auf Euch! Susanne, Mathias, Petra und Sandra<\/p>\n<p>*\u00d6ffentlich: U-Bahn Seckbacher Landstra\u00dfe<br \/>\nMit dem Auto: Parkpl\u00e4tze am Bornheimer Friedhof<\/p>\n","protected":false},"excerpt":{"rendered":"<p>Das ganze Leben ist ein Quiz&#8230; und Ihr seid unsere Kandidaten! Am Freitag, 28, M\u00e4rz 2014 l\u00e4dt Euch der Salon Slalom ein zum Nachholtermin unseres Pub-Quiz \u00a9 gin soak, Creative Commons CC BY-NC-ND 2.0 Vereinslokal der Kleingartenanlage KGV Cronberger eV &hellip; <a href=\"http:\/\/www.dialogische-kultur-und-bildung.de\/salonslalom\/termine\/pub-quiz-6-dezember-2013\/\">Weiterlesen <span class=\"meta-nav\">&rarr;<\/span><\/a><\/p>\n","protected":false},"author":1,"featured_media":0,"parent":8,"menu_order":2,"comment_status":"closed","ping_status":"closed","template":"","meta":{"footnotes":""},"class_list":["post-1328","page","type-page","status-publish","hentry"],"_links":{"self":[{"href":"http:\/\/www.dialogische-kultur-und-bildung.de\/salonslalom\/wp-json\/wp\/v2\/pages\/1328","targetHints":{"allow":["GET"]}}],"collection":[{"href":"http:\/\/www.dialogische-kultur-und-bildung.de\/salonslalom\/wp-json\/wp\/v2\/pages"}],"about":[{"href":"http:\/\/www.dialogische-kultur-und-bildung.de\/salonslalom\/wp-json\/wp\/v2\/types\/page"}],"author":[{"embeddable":true,"href":"http:\/\/www.dialogische-kultur-und-bildung.de\/salonslalom\/wp-json\/wp\/v2\/users\/1"}],"replies":[{"embeddable":true,"href":"http:\/\/www.dialogische-kultur-und-bildung.de\/salonslalom\/wp-json\/wp\/v2\/comments?post=1328"}],"version-history":[{"count":0,"href":"http:\/\/www.dialogische-kultur-und-bildung.de\/salonslalom\/wp-json\/wp\/v2\/pages\/1328\/revisions"}],"up":[{"embeddable":true,"href":"http:\/\/www.dialogische-kultur-und-bildung.de\/salonslalom\/wp-json\/wp\/v2\/pages\/8"}],"wp:attachment":[{"href":"http:\/\/www.dialogische-kultur-und-bildung.de\/salonslalom\/wp-json\/wp\/v2\/media?parent=1328"}],"curies":[{"name":"wp","href":"https:\/\/api.w.org\/{rel}","templated":true}]}}